{"id":820,"date":"2023-01-02T22:33:58","date_gmt":"2023-01-02T19:33:58","guid":{"rendered":"https:\/\/gezicimuhendislik.com\/?page_id=820"},"modified":"2023-01-06T02:41:09","modified_gmt":"2023-01-05T23:41:09","slug":"tadilat","status":"publish","type":"page","link":"https:\/\/gezicimuhendislik.com\/index.php\/hizmetlerimiz\/tadilat\/","title":{"rendered":"TAD\u0130LAT"},"content":{"rendered":"\t\t<div data-elementor-type=\"wp-page\" data-elementor-id=\"820\" class=\"elementor elementor-820\">\n\t\t\t\t\t\t<section class=\"elementor-section elementor-top-section elementor-element elementor-element-31cd7f0 elementor-section-full_width elementor-section-height-default elementor-section-height-default\" data-id=\"31cd7f0\" data-element_type=\"section\">\n\t\t\t\t\t\t<div class=\"elementor-container elementor-column-gap-default\">\n\t\t\t\t\t<div class=\"elementor-column elementor-col-100 elementor-top-column elementor-element elementor-element-bb376a8\" data-id=\"bb376a8\" data-element_type=\"column\">\n\t\t\t<div class=\"elementor-widget-wrap elementor-element-populated\">\n\t\t\t\t\t\t<div class=\"elementor-element elementor-element-0f0c33c elementor-widget elementor-widget-text-editor\" data-id=\"0f0c33c\" data-element_type=\"widget\" data-widget_type=\"text-editor.default\">\n\t\t\t\t<div class=\"elementor-widget-container\">\n\t\t\t<style>\/*! elementor - v3.23.0 - 15-07-2024 *\/\n.elementor-widget-text-editor.elementor-drop-cap-view-stacked .elementor-drop-cap{background-color:#69727d;color:#fff}.elementor-widget-text-editor.elementor-drop-cap-view-framed .elementor-drop-cap{color:#69727d;border:3px solid;background-color:transparent}.elementor-widget-text-editor:not(.elementor-drop-cap-view-default) .elementor-drop-cap{margin-top:8px}.elementor-widget-text-editor:not(.elementor-drop-cap-view-default) .elementor-drop-cap-letter{width:1em;height:1em}.elementor-widget-text-editor .elementor-drop-cap{float:left;text-align:center;line-height:1;font-size:50px}.elementor-widget-text-editor .elementor-drop-cap-letter{display:inline-block}<\/style>\t\t\t\t<header class=\"page-header\"><h2 class=\"entry-title\" style=\"text-align: center;\">TAD\u0130LAT<\/h2><\/header>\t\t\t\t\t\t<\/div>\n\t\t\t\t<\/div>\n\t\t\t\t<div class=\"elementor-element elementor-element-36b5414 elementor-widget elementor-widget-text-editor\" data-id=\"36b5414\" data-element_type=\"widget\" data-widget_type=\"text-editor.default\">\n\t\t\t\t<div class=\"elementor-widget-container\">\n\t\t\t\t\t\t\t<p style=\"text-align: center;\"><em class=\"hcV4Re nkGKTb\">Tadilat I\u015fleri<\/em>\u00a0Yenileme ve Dekorasyon i\u00e7in Hemen Aray\u0131n \u00dccretsiz Ke\u015fif Yapal\u0131m.<\/p>\t\t\t\t\t\t<\/div>\n\t\t\t\t<\/div>\n\t\t\t\t<div class=\"elementor-element elementor-element-fdd5636 elementor-align-center elementor-widget elementor-widget-global elementor-global-1584 elementor-widget-button\" data-id=\"fdd5636\" data-element_type=\"widget\" data-widget_type=\"button.default\">\n\t\t\t\t<div class=\"elementor-widget-container\">\n\t\t\t\t\t<div class=\"elementor-button-wrapper\">\n\t\t\t<a class=\"elementor-button elementor-button-link elementor-size-md\" href=\"https:\/\/api.whatsapp.com\/send\/?phone=050557881310&#038;text=Merhaba%20hizmetleriniz%20hakk\u0131nda%20bilgi%20alabilirmiyim%20?\">\n\t\t\t\t\t\t<span class=\"elementor-button-content-wrapper\">\n\t\t\t\t\t\t\t\t\t<span class=\"elementor-button-text\">TEKL\u0130F AL<\/span>\n\t\t\t\t\t<\/span>\n\t\t\t\t\t<\/a>\n\t\t<\/div>\n\t\t\t\t<\/div>\n\t\t\t\t<\/div>\n\t\t\t\t\t<\/div>\n\t\t<\/div>\n\t\t\t\t\t<\/div>\n\t\t<\/section>\n\t\t\t\t<section class=\"elementor-section elementor-top-section elementor-element elementor-element-3a031d3 elementor-section-full_width elementor-section-height-default elementor-section-height-default\" data-id=\"3a031d3\" data-element_type=\"section\">\n\t\t\t\t\t\t<div class=\"elementor-container elementor-column-gap-default\">\n\t\t\t\t\t<div class=\"elementor-column elementor-col-33 elementor-top-column elementor-element elementor-element-547320b\" data-id=\"547320b\" data-element_type=\"column\">\n\t\t\t<div class=\"elementor-widget-wrap elementor-element-populated\">\n\t\t\t\t\t\t<div class=\"elementor-element elementor-element-e13bfa4 elementor-widget elementor-widget-image\" data-id=\"e13bfa4\" data-element_type=\"widget\" data-widget_type=\"image.default\">\n\t\t\t\t<div class=\"elementor-widget-container\">\n\t\t\t<style>\/*! elementor - v3.23.0 - 15-07-2024 *\/\n.elementor-widget-image{text-align:center}.elementor-widget-image a{display:inline-block}.elementor-widget-image a img[src$=\".svg\"]{width:48px}.elementor-widget-image img{vertical-align:middle;display:inline-block}<\/style>\t\t\t\t\t\t\t\t\t\t<img fetchpriority=\"high\" decoding=\"async\" width=\"540\" height=\"540\" src=\"https:\/\/gezicimuhendislik.com\/wp-content\/uploads\/2023\/01\/Adsiz-tasarim-65.png\" class=\"attachment-large size-large wp-image-884\" alt=\"\" srcset=\"https:\/\/gezicimuhendislik.com\/wp-content\/uploads\/2023\/01\/Adsiz-tasarim-65.png 540w, https:\/\/gezicimuhendislik.com\/wp-content\/uploads\/2023\/01\/Adsiz-tasarim-65-300x300.png 300w, https:\/\/gezicimuhendislik.com\/wp-content\/uploads\/2023\/01\/Adsiz-tasarim-65-150x150.png 150w\" sizes=\"(max-width: 540px) 100vw, 540px\" \/>\t\t\t\t\t\t\t\t\t\t\t\t\t<\/div>\n\t\t\t\t<\/div>\n\t\t\t\t\t<\/div>\n\t\t<\/div>\n\t\t\t\t<div class=\"elementor-column elementor-col-33 elementor-top-column elementor-element elementor-element-d7ebc9f\" data-id=\"d7ebc9f\" data-element_type=\"column\">\n\t\t\t<div class=\"elementor-widget-wrap elementor-element-populated\">\n\t\t\t\t\t\t<div class=\"elementor-element elementor-element-028a5a8 elementor-widget elementor-widget-image\" data-id=\"028a5a8\" data-element_type=\"widget\" data-widget_type=\"image.default\">\n\t\t\t\t<div class=\"elementor-widget-container\">\n\t\t\t\t\t\t\t\t\t\t\t\t\t<img decoding=\"async\" width=\"540\" height=\"540\" data-src=\"https:\/\/gezicimuhendislik.com\/wp-content\/uploads\/2023\/01\/Adsiz-tasarim-66.png\" class=\"attachment-large size-large wp-image-885 lazyload\" alt=\"\" data-srcset=\"https:\/\/gezicimuhendislik.com\/wp-content\/uploads\/2023\/01\/Adsiz-tasarim-66.png 540w, https:\/\/gezicimuhendislik.com\/wp-content\/uploads\/2023\/01\/Adsiz-tasarim-66-300x300.png 300w, https:\/\/gezicimuhendislik.com\/wp-content\/uploads\/2023\/01\/Adsiz-tasarim-66-150x150.png 150w\" data-sizes=\"(max-width: 540px) 100vw, 540px\" src=\"data:image\/gif;base64,R0lGODlhAQABAAAAACH5BAEKAAEALAAAAAABAAEAAAICTAEAOw==\" style=\"--smush-placeholder-width: 540px; --smush-placeholder-aspect-ratio: 540\/540;\" \/><noscript><img decoding=\"async\" width=\"540\" height=\"540\" src=\"https:\/\/gezicimuhendislik.com\/wp-content\/uploads\/2023\/01\/Adsiz-tasarim-66.png\" class=\"attachment-large size-large wp-image-885\" alt=\"\" srcset=\"https:\/\/gezicimuhendislik.com\/wp-content\/uploads\/2023\/01\/Adsiz-tasarim-66.png 540w, https:\/\/gezicimuhendislik.com\/wp-content\/uploads\/2023\/01\/Adsiz-tasarim-66-300x300.png 300w, https:\/\/gezicimuhendislik.com\/wp-content\/uploads\/2023\/01\/Adsiz-tasarim-66-150x150.png 150w\" sizes=\"(max-width: 540px) 100vw, 540px\" \/><\/noscript>\t\t\t\t\t\t\t\t\t\t\t\t\t<\/div>\n\t\t\t\t<\/div>\n\t\t\t\t\t<\/div>\n\t\t<\/div>\n\t\t\t\t<div class=\"elementor-column elementor-col-33 elementor-top-column elementor-element elementor-element-1acaf0c\" data-id=\"1acaf0c\" data-element_type=\"column\">\n\t\t\t<div class=\"elementor-widget-wrap elementor-element-populated\">\n\t\t\t\t\t\t<div class=\"elementor-element elementor-element-97d604e elementor-widget elementor-widget-image\" data-id=\"97d604e\" data-element_type=\"widget\" data-widget_type=\"image.default\">\n\t\t\t\t<div class=\"elementor-widget-container\">\n\t\t\t\t\t\t\t\t\t\t\t\t\t<img decoding=\"async\" width=\"540\" height=\"540\" data-src=\"https:\/\/gezicimuhendislik.com\/wp-content\/uploads\/2023\/01\/Adsiz-tasarim-67.png\" class=\"attachment-large size-large wp-image-886 lazyload\" alt=\"\" data-srcset=\"https:\/\/gezicimuhendislik.com\/wp-content\/uploads\/2023\/01\/Adsiz-tasarim-67.png 540w, https:\/\/gezicimuhendislik.com\/wp-content\/uploads\/2023\/01\/Adsiz-tasarim-67-300x300.png 300w, https:\/\/gezicimuhendislik.com\/wp-content\/uploads\/2023\/01\/Adsiz-tasarim-67-150x150.png 150w\" data-sizes=\"(max-width: 540px) 100vw, 540px\" src=\"data:image\/gif;base64,R0lGODlhAQABAAAAACH5BAEKAAEALAAAAAABAAEAAAICTAEAOw==\" style=\"--smush-placeholder-width: 540px; --smush-placeholder-aspect-ratio: 540\/540;\" \/><noscript><img decoding=\"async\" width=\"540\" height=\"540\" src=\"https:\/\/gezicimuhendislik.com\/wp-content\/uploads\/2023\/01\/Adsiz-tasarim-67.png\" class=\"attachment-large size-large wp-image-886\" alt=\"\" srcset=\"https:\/\/gezicimuhendislik.com\/wp-content\/uploads\/2023\/01\/Adsiz-tasarim-67.png 540w, https:\/\/gezicimuhendislik.com\/wp-content\/uploads\/2023\/01\/Adsiz-tasarim-67-300x300.png 300w, https:\/\/gezicimuhendislik.com\/wp-content\/uploads\/2023\/01\/Adsiz-tasarim-67-150x150.png 150w\" sizes=\"(max-width: 540px) 100vw, 540px\" \/><\/noscript>\t\t\t\t\t\t\t\t\t\t\t\t\t<\/div>\n\t\t\t\t<\/div>\n\t\t\t\t\t<\/div>\n\t\t<\/div>\n\t\t\t\t\t<\/div>\n\t\t<\/section>\n\t\t\t\t<\/div>\n\t\t","protected":false},"excerpt":{"rendered":"<p>TAD\u0130LAT Tadilat I\u015fleri\u00a0Yenileme ve Dekorasyon i\u00e7in Hemen Aray\u0131n \u00dccretsiz Ke\u015fif Yapal\u0131m. TEKL\u0130F AL<\/p>\n","protected":false},"author":1,"featured_media":0,"parent":13,"menu_order":0,"comment_status":"closed","ping_status":"closed","template":"","meta":{"_eb_attr":"","footnotes":""},"class_list":["post-820","page","type-page","status-publish","hentry"],"_links":{"self":[{"href":"https:\/\/gezicimuhendislik.com\/index.php\/wp-json\/wp\/v2\/pages\/820","targetHints":{"allow":["GET"]}}],"collection":[{"href":"https:\/\/gezicimuhendislik.com\/index.php\/wp-json\/wp\/v2\/pages"}],"about":[{"href":"https:\/\/gezicimuhendislik.com\/index.php\/wp-json\/wp\/v2\/types\/page"}],"author":[{"embeddable":true,"href":"https:\/\/gezicimuhendislik.com\/index.php\/wp-json\/wp\/v2\/users\/1"}],"replies":[{"embeddable":true,"href":"https:\/\/gezicimuhendislik.com\/index.php\/wp-json\/wp\/v2\/comments?post=820"}],"version-history":[{"count":34,"href":"https:\/\/gezicimuhendislik.com\/index.php\/wp-json\/wp\/v2\/pages\/820\/revisions"}],"predecessor-version":[{"id":1604,"href":"https:\/\/gezicimuhendislik.com\/index.php\/wp-json\/wp\/v2\/pages\/820\/revisions\/1604"}],"up":[{"embeddable":true,"href":"https:\/\/gezicimuhendislik.com\/index.php\/wp-json\/wp\/v2\/pages\/13"}],"wp:attachment":[{"href":"https:\/\/gezicimuhendislik.com\/index.php\/wp-json\/wp\/v2\/media?parent=820"}],"curies":[{"name":"wp","href":"https:\/\/api.w.org\/{rel}","templated":true}]}}