{"id":815,"date":"2023-01-02T22:30:00","date_gmt":"2023-01-02T19:30:00","guid":{"rendered":"https:\/\/gezicimuhendislik.com\/?page_id=815"},"modified":"2023-01-06T02:41:03","modified_gmt":"2023-01-05T23:41:03","slug":"klima-sistemleri","status":"publish","type":"page","link":"https:\/\/gezicimuhendislik.com\/index.php\/hizmetlerimiz\/klima-sistemleri\/","title":{"rendered":"KL\u0130MA S\u0130STEMLER\u0130"},"content":{"rendered":"\t\t<div data-elementor-type=\"wp-page\" data-elementor-id=\"815\" class=\"elementor elementor-815\">\n\t\t\t\t\t\t<section class=\"elementor-section elementor-top-section elementor-element elementor-element-58952ab elementor-section-full_width elementor-section-height-default elementor-section-height-default\" data-id=\"58952ab\" data-element_type=\"section\">\n\t\t\t\t\t\t<div class=\"elementor-container elementor-column-gap-default\">\n\t\t\t\t\t<div class=\"elementor-column elementor-col-100 elementor-top-column elementor-element elementor-element-6386769\" data-id=\"6386769\" data-element_type=\"column\">\n\t\t\t<div class=\"elementor-widget-wrap elementor-element-populated\">\n\t\t\t\t\t\t<div class=\"elementor-element elementor-element-2acb64b elementor-widget elementor-widget-text-editor\" data-id=\"2acb64b\" data-element_type=\"widget\" data-widget_type=\"text-editor.default\">\n\t\t\t\t<div class=\"elementor-widget-container\">\n\t\t\t<style>\/*! elementor - v3.23.0 - 15-07-2024 *\/\n.elementor-widget-text-editor.elementor-drop-cap-view-stacked .elementor-drop-cap{background-color:#69727d;color:#fff}.elementor-widget-text-editor.elementor-drop-cap-view-framed .elementor-drop-cap{color:#69727d;border:3px solid;background-color:transparent}.elementor-widget-text-editor:not(.elementor-drop-cap-view-default) .elementor-drop-cap{margin-top:8px}.elementor-widget-text-editor:not(.elementor-drop-cap-view-default) .elementor-drop-cap-letter{width:1em;height:1em}.elementor-widget-text-editor .elementor-drop-cap{float:left;text-align:center;line-height:1;font-size:50px}.elementor-widget-text-editor .elementor-drop-cap-letter{display:inline-block}<\/style>\t\t\t\t<div class=\"page-content\" style=\"box-sizing: border-box; color: #333333; font-family: -apple-system, BlinkMacSystemFont, 'Segoe UI', Roboto, 'Helvetica Neue', Arial, 'Noto Sans', sans-serif, 'Apple Color Emoji', 'Segoe UI Emoji', 'Segoe UI Symbol', 'Noto Color Emoji'; font-size: 16px; font-style: normal; font-variant-ligatures: normal; font-variant-caps: normal; font-weight: 400; letter-spacing: normal; orphans: 2; text-align: start; text-indent: 0px; text-transform: none; white-space: normal; widows: 2; word-spacing: 0px; -webkit-text-stroke-width: 0px; background-color: #ffffff; text-decoration-thickness: initial; text-decoration-style: initial; text-decoration-color: initial;\"><div class=\"elementor elementor-811 elementor-edit-area elementor-edit-mode elementor-edit-area-active\" style=\"box-sizing: border-box; hyphens: manual; position: relative; --primary-color: #71d7f7; --secondary-color: #10bcf2; --outline-color: var(--primary-color);\" data-elementor-type=\"wp-page\" data-elementor-id=\"811\" data-elementor-title=\"Sayfa\"><div class=\"elementor-section-wrap ui-sortable\" style=\"box-sizing: border-box;\"><header class=\"page-header\"><h2 class=\"entry-title\" style=\"text-align: center;\">KL\u0130MA S\u0130STEMLER\u0130<\/h2><\/header><div class=\"page-content\"><div class=\"elementor elementor-815 elementor-edit-area elementor-edit-mode elementor-edit-area-active\" data-elementor-type=\"wp-page\" data-elementor-id=\"815\" data-elementor-title=\"Sayfa\"><div class=\"elementor-section-wrap ui-sortable\" style=\"text-align: center;\">\u00a0<\/div><\/div><\/div><\/div><\/div><\/div>\t\t\t\t\t\t<\/div>\n\t\t\t\t<\/div>\n\t\t\t\t<div class=\"elementor-element elementor-element-4b673fa elementor-widget elementor-widget-text-editor\" data-id=\"4b673fa\" data-element_type=\"widget\" data-widget_type=\"text-editor.default\">\n\t\t\t\t<div class=\"elementor-widget-container\">\n\t\t\t\t\t\t\t<p style=\"text-align: center;\">Bireysel yada merkezi klima sistemlerinin ihtiyaca uygun \u00fcr\u00fcn ve y\u00f6ntemler ile mekanlara tesis edilmesidir.<\/p>\t\t\t\t\t\t<\/div>\n\t\t\t\t<\/div>\n\t\t\t\t<div class=\"elementor-element elementor-element-42732f9 elementor-align-center elementor-widget elementor-widget-global elementor-global-1584 elementor-widget-button\" data-id=\"42732f9\" data-element_type=\"widget\" data-widget_type=\"button.default\">\n\t\t\t\t<div class=\"elementor-widget-container\">\n\t\t\t\t\t<div class=\"elementor-button-wrapper\">\n\t\t\t<a class=\"elementor-button elementor-button-link elementor-size-md\" href=\"https:\/\/api.whatsapp.com\/send\/?phone=050557881310&#038;text=Merhaba%20hizmetleriniz%20hakk\u0131nda%20bilgi%20alabilirmiyim%20?\">\n\t\t\t\t\t\t<span class=\"elementor-button-content-wrapper\">\n\t\t\t\t\t\t\t\t\t<span class=\"elementor-button-text\">TEKL\u0130F AL<\/span>\n\t\t\t\t\t<\/span>\n\t\t\t\t\t<\/a>\n\t\t<\/div>\n\t\t\t\t<\/div>\n\t\t\t\t<\/div>\n\t\t\t\t\t<\/div>\n\t\t<\/div>\n\t\t\t\t\t<\/div>\n\t\t<\/section>\n\t\t\t\t<section class=\"elementor-section elementor-top-section elementor-element elementor-element-6d919fd elementor-section-full_width elementor-section-height-default elementor-section-height-default\" data-id=\"6d919fd\" data-element_type=\"section\">\n\t\t\t\t\t\t<div class=\"elementor-container elementor-column-gap-default\">\n\t\t\t\t\t<div class=\"elementor-column elementor-col-33 elementor-top-column elementor-element elementor-element-2b26ca4\" data-id=\"2b26ca4\" data-element_type=\"column\">\n\t\t\t<div class=\"elementor-widget-wrap elementor-element-populated\">\n\t\t\t\t\t\t<div class=\"elementor-element elementor-element-3a0edc8 elementor-widget elementor-widget-image\" data-id=\"3a0edc8\" data-element_type=\"widget\" data-widget_type=\"image.default\">\n\t\t\t\t<div class=\"elementor-widget-container\">\n\t\t\t<style>\/*! elementor - v3.23.0 - 15-07-2024 *\/\n.elementor-widget-image{text-align:center}.elementor-widget-image a{display:inline-block}.elementor-widget-image a img[src$=\".svg\"]{width:48px}.elementor-widget-image img{vertical-align:middle;display:inline-block}<\/style>\t\t\t\t\t\t\t\t\t\t<img fetchpriority=\"high\" decoding=\"async\" width=\"540\" height=\"540\" src=\"https:\/\/gezicimuhendislik.com\/wp-content\/uploads\/2023\/01\/Adsiz-tasarim-63.png\" class=\"attachment-large size-large wp-image-862\" alt=\"\" srcset=\"https:\/\/gezicimuhendislik.com\/wp-content\/uploads\/2023\/01\/Adsiz-tasarim-63.png 540w, https:\/\/gezicimuhendislik.com\/wp-content\/uploads\/2023\/01\/Adsiz-tasarim-63-300x300.png 300w, https:\/\/gezicimuhendislik.com\/wp-content\/uploads\/2023\/01\/Adsiz-tasarim-63-150x150.png 150w\" sizes=\"(max-width: 540px) 100vw, 540px\" \/>\t\t\t\t\t\t\t\t\t\t\t\t\t<\/div>\n\t\t\t\t<\/div>\n\t\t\t\t\t<\/div>\n\t\t<\/div>\n\t\t\t\t<div class=\"elementor-column elementor-col-33 elementor-top-column elementor-element elementor-element-543638d\" data-id=\"543638d\" data-element_type=\"column\">\n\t\t\t<div class=\"elementor-widget-wrap elementor-element-populated\">\n\t\t\t\t\t\t<div class=\"elementor-element elementor-element-a0e74c0 elementor-widget elementor-widget-image\" data-id=\"a0e74c0\" data-element_type=\"widget\" data-widget_type=\"image.default\">\n\t\t\t\t<div class=\"elementor-widget-container\">\n\t\t\t\t\t\t\t\t\t\t\t\t\t<img decoding=\"async\" width=\"540\" height=\"540\" data-src=\"https:\/\/gezicimuhendislik.com\/wp-content\/uploads\/2023\/01\/Adsiz-tasarim-62.png\" class=\"attachment-large size-large wp-image-861 lazyload\" alt=\"\" data-srcset=\"https:\/\/gezicimuhendislik.com\/wp-content\/uploads\/2023\/01\/Adsiz-tasarim-62.png 540w, https:\/\/gezicimuhendislik.com\/wp-content\/uploads\/2023\/01\/Adsiz-tasarim-62-300x300.png 300w, https:\/\/gezicimuhendislik.com\/wp-content\/uploads\/2023\/01\/Adsiz-tasarim-62-150x150.png 150w\" data-sizes=\"(max-width: 540px) 100vw, 540px\" src=\"data:image\/gif;base64,R0lGODlhAQABAAAAACH5BAEKAAEALAAAAAABAAEAAAICTAEAOw==\" style=\"--smush-placeholder-width: 540px; --smush-placeholder-aspect-ratio: 540\/540;\" \/><noscript><img decoding=\"async\" width=\"540\" height=\"540\" src=\"https:\/\/gezicimuhendislik.com\/wp-content\/uploads\/2023\/01\/Adsiz-tasarim-62.png\" class=\"attachment-large size-large wp-image-861\" alt=\"\" srcset=\"https:\/\/gezicimuhendislik.com\/wp-content\/uploads\/2023\/01\/Adsiz-tasarim-62.png 540w, https:\/\/gezicimuhendislik.com\/wp-content\/uploads\/2023\/01\/Adsiz-tasarim-62-300x300.png 300w, https:\/\/gezicimuhendislik.com\/wp-content\/uploads\/2023\/01\/Adsiz-tasarim-62-150x150.png 150w\" sizes=\"(max-width: 540px) 100vw, 540px\" \/><\/noscript>\t\t\t\t\t\t\t\t\t\t\t\t\t<\/div>\n\t\t\t\t<\/div>\n\t\t\t\t\t<\/div>\n\t\t<\/div>\n\t\t\t\t<div class=\"elementor-column elementor-col-33 elementor-top-column elementor-element elementor-element-6c769f7\" data-id=\"6c769f7\" data-element_type=\"column\">\n\t\t\t<div class=\"elementor-widget-wrap elementor-element-populated\">\n\t\t\t\t\t\t<div class=\"elementor-element elementor-element-9ea1d1c elementor-widget elementor-widget-image\" data-id=\"9ea1d1c\" data-element_type=\"widget\" data-widget_type=\"image.default\">\n\t\t\t\t<div class=\"elementor-widget-container\">\n\t\t\t\t\t\t\t\t\t\t\t\t\t<img decoding=\"async\" width=\"540\" height=\"540\" data-src=\"https:\/\/gezicimuhendislik.com\/wp-content\/uploads\/2023\/01\/Adsiz-tasarim-64.png\" class=\"attachment-large size-large wp-image-863 lazyload\" alt=\"\" data-srcset=\"https:\/\/gezicimuhendislik.com\/wp-content\/uploads\/2023\/01\/Adsiz-tasarim-64.png 540w, https:\/\/gezicimuhendislik.com\/wp-content\/uploads\/2023\/01\/Adsiz-tasarim-64-300x300.png 300w, https:\/\/gezicimuhendislik.com\/wp-content\/uploads\/2023\/01\/Adsiz-tasarim-64-150x150.png 150w\" data-sizes=\"(max-width: 540px) 100vw, 540px\" src=\"data:image\/gif;base64,R0lGODlhAQABAAAAACH5BAEKAAEALAAAAAABAAEAAAICTAEAOw==\" style=\"--smush-placeholder-width: 540px; --smush-placeholder-aspect-ratio: 540\/540;\" \/><noscript><img decoding=\"async\" width=\"540\" height=\"540\" src=\"https:\/\/gezicimuhendislik.com\/wp-content\/uploads\/2023\/01\/Adsiz-tasarim-64.png\" class=\"attachment-large size-large wp-image-863\" alt=\"\" srcset=\"https:\/\/gezicimuhendislik.com\/wp-content\/uploads\/2023\/01\/Adsiz-tasarim-64.png 540w, https:\/\/gezicimuhendislik.com\/wp-content\/uploads\/2023\/01\/Adsiz-tasarim-64-300x300.png 300w, https:\/\/gezicimuhendislik.com\/wp-content\/uploads\/2023\/01\/Adsiz-tasarim-64-150x150.png 150w\" sizes=\"(max-width: 540px) 100vw, 540px\" \/><\/noscript>\t\t\t\t\t\t\t\t\t\t\t\t\t<\/div>\n\t\t\t\t<\/div>\n\t\t\t\t\t<\/div>\n\t\t<\/div>\n\t\t\t\t\t<\/div>\n\t\t<\/section>\n\t\t\t\t<\/div>\n\t\t","protected":false},"excerpt":{"rendered":"<p>KL\u0130MA S\u0130STEMLER\u0130 \u00a0 Bireysel yada merkezi klima sistemlerinin ihtiyaca uygun \u00fcr\u00fcn ve y\u00f6ntemler ile mekanlara tesis edilmesidir. TEKL\u0130F AL<\/p>\n","protected":false},"author":1,"featured_media":0,"parent":13,"menu_order":0,"comment_status":"closed","ping_status":"closed","template":"","meta":{"_eb_attr":"","footnotes":""},"class_list":["post-815","page","type-page","status-publish","hentry"],"_links":{"self":[{"href":"https:\/\/gezicimuhendislik.com\/index.php\/wp-json\/wp\/v2\/pages\/815","targetHints":{"allow":["GET"]}}],"collection":[{"href":"https:\/\/gezicimuhendislik.com\/index.php\/wp-json\/wp\/v2\/pages"}],"about":[{"href":"https:\/\/gezicimuhendislik.com\/index.php\/wp-json\/wp\/v2\/types\/page"}],"author":[{"embeddable":true,"href":"https:\/\/gezicimuhendislik.com\/index.php\/wp-json\/wp\/v2\/users\/1"}],"replies":[{"embeddable":true,"href":"https:\/\/gezicimuhendislik.com\/index.php\/wp-json\/wp\/v2\/comments?post=815"}],"version-history":[{"count":25,"href":"https:\/\/gezicimuhendislik.com\/index.php\/wp-json\/wp\/v2\/pages\/815\/revisions"}],"predecessor-version":[{"id":1601,"href":"https:\/\/gezicimuhendislik.com\/index.php\/wp-json\/wp\/v2\/pages\/815\/revisions\/1601"}],"up":[{"embeddable":true,"href":"https:\/\/gezicimuhendislik.com\/index.php\/wp-json\/wp\/v2\/pages\/13"}],"wp:attachment":[{"href":"https:\/\/gezicimuhendislik.com\/index.php\/wp-json\/wp\/v2\/media?parent=815"}],"curies":[{"name":"wp","href":"https:\/\/api.w.org\/{rel}","templated":true}]}}