{"id":813,"date":"2023-01-02T22:29:37","date_gmt":"2023-01-02T19:29:37","guid":{"rendered":"https:\/\/gezicimuhendislik.com\/?page_id=813"},"modified":"2023-01-06T02:39:32","modified_gmt":"2023-01-05T23:39:32","slug":"merkezi-isitma-sistemleri","status":"publish","type":"page","link":"https:\/\/gezicimuhendislik.com\/index.php\/hizmetlerimiz\/merkezi-isitma-sistemleri\/","title":{"rendered":"MERKEZ\u0130 ISITMA S\u0130STEMLER\u0130"},"content":{"rendered":"\t\t<div data-elementor-type=\"wp-page\" data-elementor-id=\"813\" class=\"elementor elementor-813\">\n\t\t\t\t\t\t<section class=\"elementor-section elementor-top-section elementor-element elementor-element-2bbb8f1 elementor-section-full_width elementor-section-height-default elementor-section-height-default\" data-id=\"2bbb8f1\" data-element_type=\"section\">\n\t\t\t\t\t\t<div class=\"elementor-container elementor-column-gap-default\">\n\t\t\t\t\t<div class=\"elementor-column elementor-col-100 elementor-top-column elementor-element elementor-element-ff39e04\" data-id=\"ff39e04\" data-element_type=\"column\">\n\t\t\t<div class=\"elementor-widget-wrap elementor-element-populated\">\n\t\t\t\t\t\t<div class=\"elementor-element elementor-element-eb29628 elementor-widget elementor-widget-text-editor\" data-id=\"eb29628\" data-element_type=\"widget\" data-widget_type=\"text-editor.default\">\n\t\t\t\t<div class=\"elementor-widget-container\">\n\t\t\t<style>\/*! elementor - v3.23.0 - 15-07-2024 *\/\n.elementor-widget-text-editor.elementor-drop-cap-view-stacked .elementor-drop-cap{background-color:#69727d;color:#fff}.elementor-widget-text-editor.elementor-drop-cap-view-framed .elementor-drop-cap{color:#69727d;border:3px solid;background-color:transparent}.elementor-widget-text-editor:not(.elementor-drop-cap-view-default) .elementor-drop-cap{margin-top:8px}.elementor-widget-text-editor:not(.elementor-drop-cap-view-default) .elementor-drop-cap-letter{width:1em;height:1em}.elementor-widget-text-editor .elementor-drop-cap{float:left;text-align:center;line-height:1;font-size:50px}.elementor-widget-text-editor .elementor-drop-cap-letter{display:inline-block}<\/style>\t\t\t\t<div class=\"page-content\" style=\"box-sizing: border-box; color: #333333; font-family: -apple-system, BlinkMacSystemFont, 'Segoe UI', Roboto, 'Helvetica Neue', Arial, 'Noto Sans', sans-serif, 'Apple Color Emoji', 'Segoe UI Emoji', 'Segoe UI Symbol', 'Noto Color Emoji'; font-size: 16px; font-style: normal; font-variant-ligatures: normal; font-variant-caps: normal; font-weight: 400; letter-spacing: normal; orphans: 2; text-align: start; text-indent: 0px; text-transform: none; white-space: normal; widows: 2; word-spacing: 0px; -webkit-text-stroke-width: 0px; background-color: #ffffff; text-decoration-thickness: initial; text-decoration-style: initial; text-decoration-color: initial;\"><div class=\"elementor elementor-811 elementor-edit-area elementor-edit-mode elementor-edit-area-active\" style=\"box-sizing: border-box; hyphens: manual; position: relative; --primary-color: #71d7f7; --secondary-color: #10bcf2; --outline-color: var(--primary-color);\" data-elementor-type=\"wp-page\" data-elementor-id=\"811\" data-elementor-title=\"Sayfa\"><div class=\"elementor-section-wrap ui-sortable\" style=\"box-sizing: border-box;\"><div class=\"page-content\" style=\"box-sizing: border-box; color: #333333; font-family: -apple-system, BlinkMacSystemFont, 'Segoe UI', Roboto, 'Helvetica Neue', Arial, 'Noto Sans', sans-serif, 'Apple Color Emoji', 'Segoe UI Emoji', 'Segoe UI Symbol', 'Noto Color Emoji'; font-size: 16px; font-style: normal; font-variant-ligatures: normal; font-variant-caps: normal; font-weight: 400; letter-spacing: normal; orphans: 2; text-align: start; text-indent: 0px; text-transform: none; white-space: normal; widows: 2; word-spacing: 0px; -webkit-text-stroke-width: 0px; background-color: #ffffff; text-decoration-thickness: initial; text-decoration-style: initial; text-decoration-color: initial;\"><div class=\"elementor elementor-811 elementor-edit-area elementor-edit-mode elementor-edit-area-active\" style=\"box-sizing: border-box; hyphens: manual; position: relative; --primary-color: #71d7f7; --secondary-color: #10bcf2; --outline-color: var(--primary-color);\" data-elementor-type=\"wp-page\" data-elementor-id=\"811\" data-elementor-title=\"Sayfa\"><h1 class=\"elementor-section-wrap ui-sortable\" style=\"box-sizing: border-box; text-align: center;\"><span style=\"color: inherit; font-family: inherit; font-size: 2.5rem; text-align: center;\">MERKEZ\u0130 ISITMA S\u0130STEMLER\u0130<\/span><\/h1><\/div><\/div><\/div><\/div><\/div>\t\t\t\t\t\t<\/div>\n\t\t\t\t<\/div>\n\t\t\t\t<div class=\"elementor-element elementor-element-bd3b8a9 elementor-widget elementor-widget-text-editor\" data-id=\"bd3b8a9\" data-element_type=\"widget\" data-widget_type=\"text-editor.default\">\n\t\t\t\t<div class=\"elementor-widget-container\">\n\t\t\t\t\t\t\t<p>B\u00fcy\u00fck \u00f6l\u00e7ekli konut ve i\u015f yerleri gibi, \u0131s\u0131 ihtiyac\u0131n\u0131n fazla oldu\u011fu mekanlarda uygun \u0131s\u0131tma \u00e7\u00f6z\u00fcmlerinin uygulanmas\u0131d\u0131r.<\/p>\t\t\t\t\t\t<\/div>\n\t\t\t\t<\/div>\n\t\t\t\t<div class=\"elementor-element elementor-element-79ce322 elementor-align-center elementor-widget elementor-widget-global elementor-global-1584 elementor-widget-button\" data-id=\"79ce322\" data-element_type=\"widget\" data-widget_type=\"button.default\">\n\t\t\t\t<div class=\"elementor-widget-container\">\n\t\t\t\t\t<div class=\"elementor-button-wrapper\">\n\t\t\t<a class=\"elementor-button elementor-button-link elementor-size-md\" href=\"https:\/\/api.whatsapp.com\/send\/?phone=050557881310&#038;text=Merhaba%20hizmetleriniz%20hakk\u0131nda%20bilgi%20alabilirmiyim%20?\">\n\t\t\t\t\t\t<span class=\"elementor-button-content-wrapper\">\n\t\t\t\t\t\t\t\t\t<span class=\"elementor-button-text\">TEKL\u0130F AL<\/span>\n\t\t\t\t\t<\/span>\n\t\t\t\t\t<\/a>\n\t\t<\/div>\n\t\t\t\t<\/div>\n\t\t\t\t<\/div>\n\t\t\t\t\t<\/div>\n\t\t<\/div>\n\t\t\t\t\t<\/div>\n\t\t<\/section>\n\t\t\t\t<section class=\"elementor-section elementor-top-section elementor-element elementor-element-72ae565 elementor-section-full_width elementor-section-height-default elementor-section-height-default\" data-id=\"72ae565\" data-element_type=\"section\">\n\t\t\t\t\t\t<div class=\"elementor-container elementor-column-gap-default\">\n\t\t\t\t\t<div class=\"elementor-column elementor-col-33 elementor-top-column elementor-element elementor-element-72c2cb9\" data-id=\"72c2cb9\" data-element_type=\"column\">\n\t\t\t<div class=\"elementor-widget-wrap elementor-element-populated\">\n\t\t\t\t\t\t<div class=\"elementor-element elementor-element-1828827 elementor-widget elementor-widget-image\" data-id=\"1828827\" data-element_type=\"widget\" data-widget_type=\"image.default\">\n\t\t\t\t<div class=\"elementor-widget-container\">\n\t\t\t<style>\/*! elementor - v3.23.0 - 15-07-2024 *\/\n.elementor-widget-image{text-align:center}.elementor-widget-image a{display:inline-block}.elementor-widget-image a img[src$=\".svg\"]{width:48px}.elementor-widget-image img{vertical-align:middle;display:inline-block}<\/style>\t\t\t\t\t\t\t\t\t\t<img fetchpriority=\"high\" decoding=\"async\" width=\"300\" height=\"300\" src=\"https:\/\/gezicimuhendislik.com\/wp-content\/uploads\/2023\/01\/Adsiz-tasarim-59-300x300.png\" class=\"attachment-medium size-medium wp-image-848\" alt=\"\" srcset=\"https:\/\/gezicimuhendislik.com\/wp-content\/uploads\/2023\/01\/Adsiz-tasarim-59-300x300.png 300w, https:\/\/gezicimuhendislik.com\/wp-content\/uploads\/2023\/01\/Adsiz-tasarim-59-150x150.png 150w, https:\/\/gezicimuhendislik.com\/wp-content\/uploads\/2023\/01\/Adsiz-tasarim-59.png 540w\" sizes=\"(max-width: 300px) 100vw, 300px\" \/>\t\t\t\t\t\t\t\t\t\t\t\t\t<\/div>\n\t\t\t\t<\/div>\n\t\t\t\t\t<\/div>\n\t\t<\/div>\n\t\t\t\t<div class=\"elementor-column elementor-col-33 elementor-top-column elementor-element elementor-element-6eabefc\" data-id=\"6eabefc\" data-element_type=\"column\">\n\t\t\t<div class=\"elementor-widget-wrap elementor-element-populated\">\n\t\t\t\t\t\t<div class=\"elementor-element elementor-element-aae2b50 elementor-widget elementor-widget-image\" data-id=\"aae2b50\" data-element_type=\"widget\" data-widget_type=\"image.default\">\n\t\t\t\t<div class=\"elementor-widget-container\">\n\t\t\t\t\t\t\t\t\t\t\t\t\t<img decoding=\"async\" width=\"540\" height=\"540\" data-src=\"https:\/\/gezicimuhendislik.com\/wp-content\/uploads\/2023\/01\/Adsiz-tasarim-60.png\" class=\"attachment-large size-large wp-image-850 lazyload\" alt=\"\" data-srcset=\"https:\/\/gezicimuhendislik.com\/wp-content\/uploads\/2023\/01\/Adsiz-tasarim-60.png 540w, https:\/\/gezicimuhendislik.com\/wp-content\/uploads\/2023\/01\/Adsiz-tasarim-60-300x300.png 300w, https:\/\/gezicimuhendislik.com\/wp-content\/uploads\/2023\/01\/Adsiz-tasarim-60-150x150.png 150w\" data-sizes=\"(max-width: 540px) 100vw, 540px\" src=\"data:image\/gif;base64,R0lGODlhAQABAAAAACH5BAEKAAEALAAAAAABAAEAAAICTAEAOw==\" style=\"--smush-placeholder-width: 540px; --smush-placeholder-aspect-ratio: 540\/540;\" \/><noscript><img decoding=\"async\" width=\"540\" height=\"540\" src=\"https:\/\/gezicimuhendislik.com\/wp-content\/uploads\/2023\/01\/Adsiz-tasarim-60.png\" class=\"attachment-large size-large wp-image-850\" alt=\"\" srcset=\"https:\/\/gezicimuhendislik.com\/wp-content\/uploads\/2023\/01\/Adsiz-tasarim-60.png 540w, https:\/\/gezicimuhendislik.com\/wp-content\/uploads\/2023\/01\/Adsiz-tasarim-60-300x300.png 300w, https:\/\/gezicimuhendislik.com\/wp-content\/uploads\/2023\/01\/Adsiz-tasarim-60-150x150.png 150w\" sizes=\"(max-width: 540px) 100vw, 540px\" \/><\/noscript>\t\t\t\t\t\t\t\t\t\t\t\t\t<\/div>\n\t\t\t\t<\/div>\n\t\t\t\t\t<\/div>\n\t\t<\/div>\n\t\t\t\t<div class=\"elementor-column elementor-col-33 elementor-top-column elementor-element elementor-element-53354b9\" data-id=\"53354b9\" data-element_type=\"column\">\n\t\t\t<div class=\"elementor-widget-wrap elementor-element-populated\">\n\t\t\t\t\t\t<div class=\"elementor-element elementor-element-e769a28 elementor-widget elementor-widget-image\" data-id=\"e769a28\" data-element_type=\"widget\" data-widget_type=\"image.default\">\n\t\t\t\t<div class=\"elementor-widget-container\">\n\t\t\t\t\t\t\t\t\t\t\t\t\t<img decoding=\"async\" width=\"540\" height=\"540\" data-src=\"https:\/\/gezicimuhendislik.com\/wp-content\/uploads\/2023\/01\/Adsiz-tasarim-61.png\" class=\"attachment-large size-large wp-image-851 lazyload\" alt=\"\" data-srcset=\"https:\/\/gezicimuhendislik.com\/wp-content\/uploads\/2023\/01\/Adsiz-tasarim-61.png 540w, https:\/\/gezicimuhendislik.com\/wp-content\/uploads\/2023\/01\/Adsiz-tasarim-61-300x300.png 300w, https:\/\/gezicimuhendislik.com\/wp-content\/uploads\/2023\/01\/Adsiz-tasarim-61-150x150.png 150w\" data-sizes=\"(max-width: 540px) 100vw, 540px\" src=\"data:image\/gif;base64,R0lGODlhAQABAAAAACH5BAEKAAEALAAAAAABAAEAAAICTAEAOw==\" style=\"--smush-placeholder-width: 540px; --smush-placeholder-aspect-ratio: 540\/540;\" \/><noscript><img decoding=\"async\" width=\"540\" height=\"540\" src=\"https:\/\/gezicimuhendislik.com\/wp-content\/uploads\/2023\/01\/Adsiz-tasarim-61.png\" class=\"attachment-large size-large wp-image-851\" alt=\"\" srcset=\"https:\/\/gezicimuhendislik.com\/wp-content\/uploads\/2023\/01\/Adsiz-tasarim-61.png 540w, https:\/\/gezicimuhendislik.com\/wp-content\/uploads\/2023\/01\/Adsiz-tasarim-61-300x300.png 300w, https:\/\/gezicimuhendislik.com\/wp-content\/uploads\/2023\/01\/Adsiz-tasarim-61-150x150.png 150w\" sizes=\"(max-width: 540px) 100vw, 540px\" \/><\/noscript>\t\t\t\t\t\t\t\t\t\t\t\t\t<\/div>\n\t\t\t\t<\/div>\n\t\t\t\t\t<\/div>\n\t\t<\/div>\n\t\t\t\t\t<\/div>\n\t\t<\/section>\n\t\t\t\t<\/div>\n\t\t","protected":false},"excerpt":{"rendered":"<p>MERKEZ\u0130 ISITMA S\u0130STEMLER\u0130 B\u00fcy\u00fck \u00f6l\u00e7ekli konut ve i\u015f yerleri gibi, \u0131s\u0131 ihtiyac\u0131n\u0131n fazla oldu\u011fu mekanlarda uygun \u0131s\u0131tma \u00e7\u00f6z\u00fcmlerinin uygulanmas\u0131d\u0131r. TEKL\u0130F AL<\/p>\n","protected":false},"author":1,"featured_media":0,"parent":13,"menu_order":0,"comment_status":"closed","ping_status":"closed","template":"","meta":{"_eb_attr":"","footnotes":""},"class_list":["post-813","page","type-page","status-publish","hentry"],"_links":{"self":[{"href":"https:\/\/gezicimuhendislik.com\/index.php\/wp-json\/wp\/v2\/pages\/813","targetHints":{"allow":["GET"]}}],"collection":[{"href":"https:\/\/gezicimuhendislik.com\/index.php\/wp-json\/wp\/v2\/pages"}],"about":[{"href":"https:\/\/gezicimuhendislik.com\/index.php\/wp-json\/wp\/v2\/types\/page"}],"author":[{"embeddable":true,"href":"https:\/\/gezicimuhendislik.com\/index.php\/wp-json\/wp\/v2\/users\/1"}],"replies":[{"embeddable":true,"href":"https:\/\/gezicimuhendislik.com\/index.php\/wp-json\/wp\/v2\/comments?post=813"}],"version-history":[{"count":28,"href":"https:\/\/gezicimuhendislik.com\/index.php\/wp-json\/wp\/v2\/pages\/813\/revisions"}],"predecessor-version":[{"id":1592,"href":"https:\/\/gezicimuhendislik.com\/index.php\/wp-json\/wp\/v2\/pages\/813\/revisions\/1592"}],"up":[{"embeddable":true,"href":"https:\/\/gezicimuhendislik.com\/index.php\/wp-json\/wp\/v2\/pages\/13"}],"wp:attachment":[{"href":"https:\/\/gezicimuhendislik.com\/index.php\/wp-json\/wp\/v2\/media?parent=813"}],"curies":[{"name":"wp","href":"https:\/\/api.w.org\/{rel}","templated":true}]}}