{"id":362,"date":"2022-12-31T11:26:13","date_gmt":"2022-12-31T08:26:13","guid":{"rendered":"https:\/\/gezicimuhendislik.com\/?page_id=362"},"modified":"2023-01-06T02:50:07","modified_gmt":"2023-01-05T23:50:07","slug":"termostat","status":"publish","type":"page","link":"https:\/\/gezicimuhendislik.com\/index.php\/urunlerimiz\/termostat\/","title":{"rendered":"Termostat"},"content":{"rendered":"\t\t<div data-elementor-type=\"wp-page\" data-elementor-id=\"362\" class=\"elementor elementor-362\">\n\t\t\t\t\t\t<section class=\"elementor-section elementor-top-section elementor-element elementor-element-097eb2d elementor-section-full_width elementor-section-height-default elementor-section-height-default\" data-id=\"097eb2d\" data-element_type=\"section\">\n\t\t\t\t\t\t<div class=\"elementor-container elementor-column-gap-default\">\n\t\t\t\t\t<div class=\"elementor-column elementor-col-33 elementor-top-column elementor-element elementor-element-92080a8\" data-id=\"92080a8\" data-element_type=\"column\">\n\t\t\t<div class=\"elementor-widget-wrap elementor-element-populated\">\n\t\t\t\t\t\t<div class=\"elementor-element elementor-element-de6d9b8 elementor-widget elementor-widget-image\" data-id=\"de6d9b8\" data-element_type=\"widget\" data-widget_type=\"image.default\">\n\t\t\t\t<div class=\"elementor-widget-container\">\n\t\t\t<style>\/*! elementor - v3.23.0 - 15-07-2024 *\/\n.elementor-widget-image{text-align:center}.elementor-widget-image a{display:inline-block}.elementor-widget-image a img[src$=\".svg\"]{width:48px}.elementor-widget-image img{vertical-align:middle;display:inline-block}<\/style>\t\t\t\t\t\t\t\t\t\t<img fetchpriority=\"high\" decoding=\"async\" width=\"512\" height=\"126\" src=\"https:\/\/gezicimuhendislik.com\/wp-content\/uploads\/2022\/12\/unnamed-e1672478931771.png\" class=\"attachment-large size-large wp-image-403\" alt=\"\" srcset=\"https:\/\/gezicimuhendislik.com\/wp-content\/uploads\/2022\/12\/unnamed-e1672478931771.png 512w, https:\/\/gezicimuhendislik.com\/wp-content\/uploads\/2022\/12\/unnamed-e1672478931771-300x74.png 300w\" sizes=\"(max-width: 512px) 100vw, 512px\" \/>\t\t\t\t\t\t\t\t\t\t\t\t\t<\/div>\n\t\t\t\t<\/div>\n\t\t\t\t<div class=\"elementor-element elementor-element-1338f05 elementor-position-top elementor-widget elementor-widget-image-box\" data-id=\"1338f05\" data-element_type=\"widget\" data-widget_type=\"image-box.default\">\n\t\t\t\t<div class=\"elementor-widget-container\">\n\t\t\t<style>\/*! elementor - v3.23.0 - 15-07-2024 *\/\n.elementor-widget-image-box .elementor-image-box-content{width:100%}@media (min-width:768px){.elementor-widget-image-box.elementor-position-left .elementor-image-box-wrapper,.elementor-widget-image-box.elementor-position-right .elementor-image-box-wrapper{display:flex}.elementor-widget-image-box.elementor-position-right .elementor-image-box-wrapper{text-align:end;flex-direction:row-reverse}.elementor-widget-image-box.elementor-position-left .elementor-image-box-wrapper{text-align:start;flex-direction:row}.elementor-widget-image-box.elementor-position-top .elementor-image-box-img{margin:auto}.elementor-widget-image-box.elementor-vertical-align-top .elementor-image-box-wrapper{align-items:flex-start}.elementor-widget-image-box.elementor-vertical-align-middle .elementor-image-box-wrapper{align-items:center}.elementor-widget-image-box.elementor-vertical-align-bottom .elementor-image-box-wrapper{align-items:flex-end}}@media (max-width:767px){.elementor-widget-image-box .elementor-image-box-img{margin-left:auto!important;margin-right:auto!important;margin-bottom:15px}}.elementor-widget-image-box .elementor-image-box-img{display:inline-block}.elementor-widget-image-box .elementor-image-box-title a{color:inherit}.elementor-widget-image-box .elementor-image-box-wrapper{text-align:center}.elementor-widget-image-box .elementor-image-box-description{margin:0}<\/style><div class=\"elementor-image-box-wrapper\"><figure class=\"elementor-image-box-img\"><a href=\"https:\/\/api.whatsapp.com\/send\/?phone=905055781310&#038;text=Merhaba%20eca%20termostat%20hakk\u0131nda%20bilgi%20almak%20istiyorum.\" tabindex=\"-1\"><img decoding=\"async\" width=\"399\" height=\"363\" data-src=\"https:\/\/gezicimuhendislik.com\/wp-content\/uploads\/2022\/12\/ECA-TERMOSTAT-e1672483048686.jpg\" class=\"elementor-animation-grow attachment-full size-full wp-image-512 lazyload\" alt=\"\" data-srcset=\"https:\/\/gezicimuhendislik.com\/wp-content\/uploads\/2022\/12\/ECA-TERMOSTAT-e1672483048686.jpg 399w, https:\/\/gezicimuhendislik.com\/wp-content\/uploads\/2022\/12\/ECA-TERMOSTAT-e1672483048686-300x273.jpg 300w\" data-sizes=\"(max-width: 399px) 100vw, 399px\" src=\"data:image\/gif;base64,R0lGODlhAQABAAAAACH5BAEKAAEALAAAAAABAAEAAAICTAEAOw==\" style=\"--smush-placeholder-width: 399px; --smush-placeholder-aspect-ratio: 399\/363;\" \/><noscript><img decoding=\"async\" width=\"399\" height=\"363\" src=\"https:\/\/gezicimuhendislik.com\/wp-content\/uploads\/2022\/12\/ECA-TERMOSTAT-e1672483048686.jpg\" class=\"elementor-animation-grow attachment-full size-full wp-image-512\" alt=\"\" srcset=\"https:\/\/gezicimuhendislik.com\/wp-content\/uploads\/2022\/12\/ECA-TERMOSTAT-e1672483048686.jpg 399w, https:\/\/gezicimuhendislik.com\/wp-content\/uploads\/2022\/12\/ECA-TERMOSTAT-e1672483048686-300x273.jpg 300w\" sizes=\"(max-width: 399px) 100vw, 399px\" \/><\/noscript><\/a><\/figure><div class=\"elementor-image-box-content\"><h3 class=\"elementor-image-box-title\"><a href=\"https:\/\/api.whatsapp.com\/send\/?phone=905055781310&#038;text=Merhaba%20eca%20termostat%20hakk\u0131nda%20bilgi%20almak%20istiyorum.\">ECA TERMOSTAT<\/a><\/h3><\/div><\/div>\t\t<\/div>\n\t\t\t\t<\/div>\n\t\t\t\t\t<\/div>\n\t\t<\/div>\n\t\t\t\t<div class=\"elementor-column elementor-col-33 elementor-top-column elementor-element elementor-element-b08573e\" data-id=\"b08573e\" data-element_type=\"column\">\n\t\t\t<div class=\"elementor-widget-wrap elementor-element-populated\">\n\t\t\t\t\t\t<div class=\"elementor-element elementor-element-73eec19 elementor-widget elementor-widget-image\" data-id=\"73eec19\" data-element_type=\"widget\" data-widget_type=\"image.default\">\n\t\t\t\t<div class=\"elementor-widget-container\">\n\t\t\t\t\t\t\t\t\t\t\t\t\t<img decoding=\"async\" width=\"800\" height=\"338\" data-src=\"https:\/\/gezicimuhendislik.com\/wp-content\/uploads\/2022\/12\/bosch_logo-1024x433.png\" class=\"attachment-large size-large wp-image-280 lazyload\" alt=\"\" data-srcset=\"https:\/\/gezicimuhendislik.com\/wp-content\/uploads\/2022\/12\/bosch_logo-1024x433.png 1024w, https:\/\/gezicimuhendislik.com\/wp-content\/uploads\/2022\/12\/bosch_logo-300x127.png 300w, https:\/\/gezicimuhendislik.com\/wp-content\/uploads\/2022\/12\/bosch_logo-768x324.png 768w, https:\/\/gezicimuhendislik.com\/wp-content\/uploads\/2022\/12\/bosch_logo.png 1200w\" data-sizes=\"(max-width: 800px) 100vw, 800px\" src=\"data:image\/gif;base64,R0lGODlhAQABAAAAACH5BAEKAAEALAAAAAABAAEAAAICTAEAOw==\" style=\"--smush-placeholder-width: 800px; --smush-placeholder-aspect-ratio: 800\/338;\" \/><noscript><img decoding=\"async\" width=\"800\" height=\"338\" src=\"https:\/\/gezicimuhendislik.com\/wp-content\/uploads\/2022\/12\/bosch_logo-1024x433.png\" class=\"attachment-large size-large wp-image-280\" alt=\"\" srcset=\"https:\/\/gezicimuhendislik.com\/wp-content\/uploads\/2022\/12\/bosch_logo-1024x433.png 1024w, https:\/\/gezicimuhendislik.com\/wp-content\/uploads\/2022\/12\/bosch_logo-300x127.png 300w, https:\/\/gezicimuhendislik.com\/wp-content\/uploads\/2022\/12\/bosch_logo-768x324.png 768w, https:\/\/gezicimuhendislik.com\/wp-content\/uploads\/2022\/12\/bosch_logo.png 1200w\" sizes=\"(max-width: 800px) 100vw, 800px\" \/><\/noscript>\t\t\t\t\t\t\t\t\t\t\t\t\t<\/div>\n\t\t\t\t<\/div>\n\t\t\t\t<div class=\"elementor-element elementor-element-d263ee2 elementor-position-top elementor-widget elementor-widget-image-box\" data-id=\"d263ee2\" data-element_type=\"widget\" data-widget_type=\"image-box.default\">\n\t\t\t\t<div class=\"elementor-widget-container\">\n\t\t\t<div class=\"elementor-image-box-wrapper\"><figure class=\"elementor-image-box-img\"><a href=\"https:\/\/api.whatsapp.com\/send\/?phone=905055781310&#038;text=Merhaba%20bosch%20termostat%20hakk\u0131nda%20bilgi%20almak%20istiyorum.\" tabindex=\"-1\"><img loading=\"lazy\" decoding=\"async\" width=\"800\" height=\"800\" data-src=\"https:\/\/gezicimuhendislik.com\/wp-content\/uploads\/2022\/12\/BOSCH-TERMOSTATT.jpg\" class=\"elementor-animation-grow attachment-full size-full wp-image-523 lazyload\" alt=\"\" data-srcset=\"https:\/\/gezicimuhendislik.com\/wp-content\/uploads\/2022\/12\/BOSCH-TERMOSTATT.jpg 800w, https:\/\/gezicimuhendislik.com\/wp-content\/uploads\/2022\/12\/BOSCH-TERMOSTATT-300x300.jpg 300w, https:\/\/gezicimuhendislik.com\/wp-content\/uploads\/2022\/12\/BOSCH-TERMOSTATT-150x150.jpg 150w, https:\/\/gezicimuhendislik.com\/wp-content\/uploads\/2022\/12\/BOSCH-TERMOSTATT-768x768.jpg 768w\" data-sizes=\"(max-width: 800px) 100vw, 800px\" src=\"data:image\/gif;base64,R0lGODlhAQABAAAAACH5BAEKAAEALAAAAAABAAEAAAICTAEAOw==\" style=\"--smush-placeholder-width: 800px; --smush-placeholder-aspect-ratio: 800\/800;\" \/><noscript><img loading=\"lazy\" decoding=\"async\" width=\"800\" height=\"800\" src=\"https:\/\/gezicimuhendislik.com\/wp-content\/uploads\/2022\/12\/BOSCH-TERMOSTATT.jpg\" class=\"elementor-animation-grow attachment-full size-full wp-image-523\" alt=\"\" srcset=\"https:\/\/gezicimuhendislik.com\/wp-content\/uploads\/2022\/12\/BOSCH-TERMOSTATT.jpg 800w, https:\/\/gezicimuhendislik.com\/wp-content\/uploads\/2022\/12\/BOSCH-TERMOSTATT-300x300.jpg 300w, https:\/\/gezicimuhendislik.com\/wp-content\/uploads\/2022\/12\/BOSCH-TERMOSTATT-150x150.jpg 150w, https:\/\/gezicimuhendislik.com\/wp-content\/uploads\/2022\/12\/BOSCH-TERMOSTATT-768x768.jpg 768w\" sizes=\"(max-width: 800px) 100vw, 800px\" \/><\/noscript><\/a><\/figure><div class=\"elementor-image-box-content\"><h3 class=\"elementor-image-box-title\"><a href=\"https:\/\/api.whatsapp.com\/send\/?phone=905055781310&#038;text=Merhaba%20bosch%20termostat%20hakk\u0131nda%20bilgi%20almak%20istiyorum.\">BOSCH TERMOSTAT<\/a><\/h3><\/div><\/div>\t\t<\/div>\n\t\t\t\t<\/div>\n\t\t\t\t\t<\/div>\n\t\t<\/div>\n\t\t\t\t<div class=\"elementor-column elementor-col-33 elementor-top-column elementor-element elementor-element-3f07ae9\" data-id=\"3f07ae9\" data-element_type=\"column\">\n\t\t\t<div class=\"elementor-widget-wrap elementor-element-populated\">\n\t\t\t\t\t\t<div class=\"elementor-element elementor-element-ebf69b1 elementor-widget elementor-widget-image\" data-id=\"ebf69b1\" data-element_type=\"widget\" data-widget_type=\"image.default\">\n\t\t\t\t<div class=\"elementor-widget-container\">\n\t\t\t\t\t\t\t\t\t\t\t\t\t<img loading=\"lazy\" decoding=\"async\" width=\"299\" height=\"168\" data-src=\"https:\/\/gezicimuhendislik.com\/wp-content\/uploads\/2022\/12\/indir-6.png\" class=\"attachment-large size-large wp-image-281 lazyload\" alt=\"\" src=\"data:image\/gif;base64,R0lGODlhAQABAAAAACH5BAEKAAEALAAAAAABAAEAAAICTAEAOw==\" style=\"--smush-placeholder-width: 299px; --smush-placeholder-aspect-ratio: 299\/168;\" \/><noscript><img loading=\"lazy\" decoding=\"async\" width=\"299\" height=\"168\" src=\"https:\/\/gezicimuhendislik.com\/wp-content\/uploads\/2022\/12\/indir-6.png\" class=\"attachment-large size-large wp-image-281\" alt=\"\" \/><\/noscript>\t\t\t\t\t\t\t\t\t\t\t\t\t<\/div>\n\t\t\t\t<\/div>\n\t\t\t\t<div class=\"elementor-element elementor-element-a41738e elementor-position-top elementor-widget elementor-widget-image-box\" data-id=\"a41738e\" data-element_type=\"widget\" data-widget_type=\"image-box.default\">\n\t\t\t\t<div class=\"elementor-widget-container\">\n\t\t\t<div class=\"elementor-image-box-wrapper\"><figure class=\"elementor-image-box-img\"><a href=\"https:\/\/api.whatsapp.com\/send\/?phone=905055781310&#038;text=Merhaba%20ar\u00e7elik%20termostat%20hakk\u0131nda%20bilgi%20almak%20istiyorum.\" tabindex=\"-1\"><img loading=\"lazy\" decoding=\"async\" width=\"500\" height=\"324\" data-src=\"https:\/\/gezicimuhendislik.com\/wp-content\/uploads\/2022\/12\/ARCELIK-TERMOSTAT.jpg\" class=\"elementor-animation-grow attachment-full size-full wp-image-533 lazyload\" alt=\"\" data-srcset=\"https:\/\/gezicimuhendislik.com\/wp-content\/uploads\/2022\/12\/ARCELIK-TERMOSTAT.jpg 500w, https:\/\/gezicimuhendislik.com\/wp-content\/uploads\/2022\/12\/ARCELIK-TERMOSTAT-300x194.jpg 300w\" data-sizes=\"(max-width: 500px) 100vw, 500px\" src=\"data:image\/gif;base64,R0lGODlhAQABAAAAACH5BAEKAAEALAAAAAABAAEAAAICTAEAOw==\" style=\"--smush-placeholder-width: 500px; --smush-placeholder-aspect-ratio: 500\/324;\" \/><noscript><img loading=\"lazy\" decoding=\"async\" width=\"500\" height=\"324\" src=\"https:\/\/gezicimuhendislik.com\/wp-content\/uploads\/2022\/12\/ARCELIK-TERMOSTAT.jpg\" class=\"elementor-animation-grow attachment-full size-full wp-image-533\" alt=\"\" srcset=\"https:\/\/gezicimuhendislik.com\/wp-content\/uploads\/2022\/12\/ARCELIK-TERMOSTAT.jpg 500w, https:\/\/gezicimuhendislik.com\/wp-content\/uploads\/2022\/12\/ARCELIK-TERMOSTAT-300x194.jpg 300w\" sizes=\"(max-width: 500px) 100vw, 500px\" \/><\/noscript><\/a><\/figure><div class=\"elementor-image-box-content\"><h3 class=\"elementor-image-box-title\"><a href=\"https:\/\/api.whatsapp.com\/send\/?phone=905055781310&#038;text=Merhaba%20ar\u00e7elik%20termostat%20hakk\u0131nda%20bilgi%20almak%20istiyorum.\">AR\u00c7EL\u0130K TERMOSTAT<\/a><\/h3><\/div><\/div>\t\t<\/div>\n\t\t\t\t<\/div>\n\t\t\t\t\t<\/div>\n\t\t<\/div>\n\t\t\t\t\t<\/div>\n\t\t<\/section>\n\t\t\t\t<section class=\"elementor-section elementor-top-section elementor-element elementor-element-38d7b67 elementor-section-boxed elementor-section-height-default elementor-section-height-default\" data-id=\"38d7b67\" data-element_type=\"section\">\n\t\t\t\t\t\t<div class=\"elementor-container elementor-column-gap-default\">\n\t\t\t\t\t<div class=\"elementor-column elementor-col-100 elementor-top-column elementor-element elementor-element-465cc9a\" data-id=\"465cc9a\" data-element_type=\"column\">\n\t\t\t<div class=\"elementor-widget-wrap elementor-element-populated\">\n\t\t\t\t\t\t<div class=\"elementor-element elementor-element-921dd35 elementor-align-center elementor-widget elementor-widget-global elementor-global-1584 elementor-widget-button\" data-id=\"921dd35\" data-element_type=\"widget\" data-widget_type=\"button.default\">\n\t\t\t\t<div class=\"elementor-widget-container\">\n\t\t\t\t\t<div class=\"elementor-button-wrapper\">\n\t\t\t<a class=\"elementor-button elementor-button-link elementor-size-md\" href=\"https:\/\/api.whatsapp.com\/send\/?phone=050557881310&#038;text=Merhaba%20hizmetleriniz%20hakk\u0131nda%20bilgi%20alabilirmiyim%20?\">\n\t\t\t\t\t\t<span class=\"elementor-button-content-wrapper\">\n\t\t\t\t\t\t\t\t\t<span class=\"elementor-button-text\">TEKL\u0130F AL<\/span>\n\t\t\t\t\t<\/span>\n\t\t\t\t\t<\/a>\n\t\t<\/div>\n\t\t\t\t<\/div>\n\t\t\t\t<\/div>\n\t\t\t\t\t<\/div>\n\t\t<\/div>\n\t\t\t\t\t<\/div>\n\t\t<\/section>\n\t\t\t\t<\/div>\n\t\t","protected":false},"excerpt":{"rendered":"<p>ECA TERMOSTAT BOSCH TERMOSTAT AR\u00c7EL\u0130K TERMOSTAT TEKL\u0130F AL<\/p>\n","protected":false},"author":1,"featured_media":0,"parent":15,"menu_order":0,"comment_status":"closed","ping_status":"closed","template":"","meta":{"_eb_attr":"","footnotes":""},"class_list":["post-362","page","type-page","status-publish","hentry"],"_links":{"self":[{"href":"https:\/\/gezicimuhendislik.com\/index.php\/wp-json\/wp\/v2\/pages\/362","targetHints":{"allow":["GET"]}}],"collection":[{"href":"https:\/\/gezicimuhendislik.com\/index.php\/wp-json\/wp\/v2\/pages"}],"about":[{"href":"https:\/\/gezicimuhendislik.com\/index.php\/wp-json\/wp\/v2\/types\/page"}],"author":[{"embeddable":true,"href":"https:\/\/gezicimuhendislik.com\/index.php\/wp-json\/wp\/v2\/users\/1"}],"replies":[{"embeddable":true,"href":"https:\/\/gezicimuhendislik.com\/index.php\/wp-json\/wp\/v2\/comments?post=362"}],"version-history":[{"count":52,"href":"https:\/\/gezicimuhendislik.com\/index.php\/wp-json\/wp\/v2\/pages\/362\/revisions"}],"predecessor-version":[{"id":1631,"href":"https:\/\/gezicimuhendislik.com\/index.php\/wp-json\/wp\/v2\/pages\/362\/revisions\/1631"}],"up":[{"embeddable":true,"href":"https:\/\/gezicimuhendislik.com\/index.php\/wp-json\/wp\/v2\/pages\/15"}],"wp:attachment":[{"href":"https:\/\/gezicimuhendislik.com\/index.php\/wp-json\/wp\/v2\/media?parent=362"}],"curies":[{"name":"wp","href":"https:\/\/api.w.org\/{rel}","templated":true}]}}