{"id":1155,"date":"2023-01-04T00:11:14","date_gmt":"2023-01-03T21:11:14","guid":{"rendered":"https:\/\/gezicimuhendislik.com\/?page_id=1155"},"modified":"2023-01-06T02:40:53","modified_gmt":"2023-01-05T23:40:53","slug":"yerden-isitma","status":"publish","type":"page","link":"https:\/\/gezicimuhendislik.com\/index.php\/hizmetlerimiz\/yerden-isitma\/","title":{"rendered":"YERDEN ISITMA"},"content":{"rendered":"\t\t<div data-elementor-type=\"wp-page\" data-elementor-id=\"1155\" class=\"elementor elementor-1155\">\n\t\t\t\t\t\t<section class=\"elementor-section elementor-top-section elementor-element elementor-element-65b1c451 elementor-section-full_width elementor-section-height-default elementor-section-height-default\" data-id=\"65b1c451\" data-element_type=\"section\">\n\t\t\t\t\t\t<div class=\"elementor-container elementor-column-gap-default\">\n\t\t\t\t\t<div class=\"elementor-column elementor-col-100 elementor-top-column elementor-element elementor-element-5ca9c936\" data-id=\"5ca9c936\" data-element_type=\"column\">\n\t\t\t<div class=\"elementor-widget-wrap elementor-element-populated\">\n\t\t\t\t\t\t<div class=\"elementor-element elementor-element-7adacc45 elementor-widget elementor-widget-text-editor\" data-id=\"7adacc45\" data-element_type=\"widget\" data-widget_type=\"text-editor.default\">\n\t\t\t\t<div class=\"elementor-widget-container\">\n\t\t\t<style>\/*! elementor - v3.23.0 - 15-07-2024 *\/\n.elementor-widget-text-editor.elementor-drop-cap-view-stacked .elementor-drop-cap{background-color:#69727d;color:#fff}.elementor-widget-text-editor.elementor-drop-cap-view-framed .elementor-drop-cap{color:#69727d;border:3px solid;background-color:transparent}.elementor-widget-text-editor:not(.elementor-drop-cap-view-default) .elementor-drop-cap{margin-top:8px}.elementor-widget-text-editor:not(.elementor-drop-cap-view-default) .elementor-drop-cap-letter{width:1em;height:1em}.elementor-widget-text-editor .elementor-drop-cap{float:left;text-align:center;line-height:1;font-size:50px}.elementor-widget-text-editor .elementor-drop-cap-letter{display:inline-block}<\/style>\t\t\t\t<div class=\"page-content\" style=\"box-sizing: border-box; color: #333333; font-family: -apple-system, BlinkMacSystemFont, 'Segoe UI', Roboto, 'Helvetica Neue', Arial, 'Noto Sans', sans-serif, 'Apple Color Emoji', 'Segoe UI Emoji', 'Segoe UI Symbol', 'Noto Color Emoji'; font-size: 16px; font-style: normal; font-variant-ligatures: normal; font-variant-caps: normal; font-weight: 400; letter-spacing: normal; orphans: 2; text-align: start; text-indent: 0px; text-transform: none; white-space: normal; widows: 2; word-spacing: 0px; -webkit-text-stroke-width: 0px; background-color: #ffffff; text-decoration-thickness: initial; text-decoration-style: initial; text-decoration-color: initial;\"><div class=\"elementor elementor-811 elementor-edit-area elementor-edit-mode elementor-edit-area-active\" style=\"box-sizing: border-box; hyphens: manual; position: relative; --primary-color: #71d7f7; --secondary-color: #10bcf2; --outline-color: var(--primary-color);\" data-elementor-type=\"wp-page\" data-elementor-id=\"811\" data-elementor-title=\"Sayfa\"><div class=\"elementor-section-wrap ui-sortable\" style=\"box-sizing: border-box;\"><div class=\"page-content\" style=\"box-sizing: border-box; color: #333333; font-family: -apple-system, BlinkMacSystemFont, 'Segoe UI', Roboto, 'Helvetica Neue', Arial, 'Noto Sans', sans-serif, 'Apple Color Emoji', 'Segoe UI Emoji', 'Segoe UI Symbol', 'Noto Color Emoji'; font-size: 16px; font-style: normal; font-variant-ligatures: normal; font-variant-caps: normal; font-weight: 400; letter-spacing: normal; orphans: 2; text-align: start; text-indent: 0px; text-transform: none; white-space: normal; widows: 2; word-spacing: 0px; -webkit-text-stroke-width: 0px; background-color: #ffffff; text-decoration-thickness: initial; text-decoration-style: initial; text-decoration-color: initial;\"><div class=\"elementor elementor-811 elementor-edit-area elementor-edit-mode elementor-edit-area-active\" style=\"box-sizing: border-box; hyphens: manual; position: relative; --primary-color: #71d7f7; --secondary-color: #10bcf2; --outline-color: var(--primary-color); text-align: center;\" data-elementor-type=\"wp-page\" data-elementor-id=\"811\" data-elementor-title=\"Sayfa\"><h1 class=\"elementor-section-wrap ui-sortable\" style=\"box-sizing: border-box;\">YERDEN ISITMA S\u0130STEMLER\u0130<\/h1><\/div><\/div><\/div><\/div><\/div>\t\t\t\t\t\t<\/div>\n\t\t\t\t<\/div>\n\t\t\t\t<div class=\"elementor-element elementor-element-7520a927 elementor-widget elementor-widget-text-editor\" data-id=\"7520a927\" data-element_type=\"widget\" data-widget_type=\"text-editor.default\">\n\t\t\t\t<div class=\"elementor-widget-container\">\n\t\t\t\t\t\t\t<p style=\"text-align: center;\"><em>Yerden \u0131s\u0131tma<\/em>\u00a0da t\u0131pk\u0131 di\u011fer ortam \u0131s\u0131tma sistemleri olan radyat\u00f6rler gibi bir \u0131s\u0131 kayna\u011f\u0131ndan gelen s\u0131cak suyu ortam i\u00e7erisinde kullanarak \u0131s\u0131tma yapar.<\/p>\t\t\t\t\t\t<\/div>\n\t\t\t\t<\/div>\n\t\t\t\t<div class=\"elementor-element elementor-element-a424b61 elementor-align-center elementor-widget elementor-widget-global elementor-global-1584 elementor-widget-button\" data-id=\"a424b61\" data-element_type=\"widget\" data-widget_type=\"button.default\">\n\t\t\t\t<div class=\"elementor-widget-container\">\n\t\t\t\t\t<div class=\"elementor-button-wrapper\">\n\t\t\t<a class=\"elementor-button elementor-button-link elementor-size-md\" href=\"https:\/\/api.whatsapp.com\/send\/?phone=050557881310&#038;text=Merhaba%20hizmetleriniz%20hakk\u0131nda%20bilgi%20alabilirmiyim%20?\">\n\t\t\t\t\t\t<span class=\"elementor-button-content-wrapper\">\n\t\t\t\t\t\t\t\t\t<span class=\"elementor-button-text\">TEKL\u0130F AL<\/span>\n\t\t\t\t\t<\/span>\n\t\t\t\t\t<\/a>\n\t\t<\/div>\n\t\t\t\t<\/div>\n\t\t\t\t<\/div>\n\t\t\t\t\t<\/div>\n\t\t<\/div>\n\t\t\t\t\t<\/div>\n\t\t<\/section>\n\t\t\t\t<section class=\"elementor-section elementor-top-section elementor-element elementor-element-13462dd9 elementor-section-full_width elementor-section-height-default elementor-section-height-default\" data-id=\"13462dd9\" data-element_type=\"section\">\n\t\t\t\t\t\t<div class=\"elementor-container elementor-column-gap-default\">\n\t\t\t\t\t<div class=\"elementor-column elementor-col-33 elementor-top-column elementor-element elementor-element-6739122f\" data-id=\"6739122f\" data-element_type=\"column\">\n\t\t\t<div class=\"elementor-widget-wrap elementor-element-populated\">\n\t\t\t\t\t\t<div class=\"elementor-element elementor-element-17818709 elementor-widget elementor-widget-image\" data-id=\"17818709\" data-element_type=\"widget\" data-widget_type=\"image.default\">\n\t\t\t\t<div class=\"elementor-widget-container\">\n\t\t\t<style>\/*! elementor - v3.23.0 - 15-07-2024 *\/\n.elementor-widget-image{text-align:center}.elementor-widget-image a{display:inline-block}.elementor-widget-image a img[src$=\".svg\"]{width:48px}.elementor-widget-image img{vertical-align:middle;display:inline-block}<\/style>\t\t\t\t\t\t\t\t\t\t<img fetchpriority=\"high\" decoding=\"async\" width=\"300\" height=\"300\" src=\"https:\/\/gezicimuhendislik.com\/wp-content\/uploads\/2023\/01\/Adsiz-tasarim-70-300x300.png\" class=\"attachment-medium size-medium wp-image-1166\" alt=\"\" srcset=\"https:\/\/gezicimuhendislik.com\/wp-content\/uploads\/2023\/01\/Adsiz-tasarim-70-300x300.png 300w, https:\/\/gezicimuhendislik.com\/wp-content\/uploads\/2023\/01\/Adsiz-tasarim-70-1024x1024.png 1024w, https:\/\/gezicimuhendislik.com\/wp-content\/uploads\/2023\/01\/Adsiz-tasarim-70-150x150.png 150w, https:\/\/gezicimuhendislik.com\/wp-content\/uploads\/2023\/01\/Adsiz-tasarim-70-768x768.png 768w, https:\/\/gezicimuhendislik.com\/wp-content\/uploads\/2023\/01\/Adsiz-tasarim-70.png 1080w\" sizes=\"(max-width: 300px) 100vw, 300px\" \/>\t\t\t\t\t\t\t\t\t\t\t\t\t<\/div>\n\t\t\t\t<\/div>\n\t\t\t\t\t<\/div>\n\t\t<\/div>\n\t\t\t\t<div class=\"elementor-column elementor-col-33 elementor-top-column elementor-element elementor-element-5aff1ef6\" data-id=\"5aff1ef6\" data-element_type=\"column\">\n\t\t\t<div class=\"elementor-widget-wrap elementor-element-populated\">\n\t\t\t\t\t\t<div class=\"elementor-element elementor-element-4b15b41f elementor-widget elementor-widget-image\" data-id=\"4b15b41f\" data-element_type=\"widget\" data-widget_type=\"image.default\">\n\t\t\t\t<div class=\"elementor-widget-container\">\n\t\t\t\t\t\t\t\t\t\t\t\t\t<img decoding=\"async\" width=\"768\" height=\"768\" data-src=\"https:\/\/gezicimuhendislik.com\/wp-content\/uploads\/2023\/01\/Adsiz-tasarim-69-768x768.png\" class=\"attachment-medium_large size-medium_large wp-image-1167 lazyload\" alt=\"\" data-srcset=\"https:\/\/gezicimuhendislik.com\/wp-content\/uploads\/2023\/01\/Adsiz-tasarim-69-768x768.png 768w, https:\/\/gezicimuhendislik.com\/wp-content\/uploads\/2023\/01\/Adsiz-tasarim-69-300x300.png 300w, https:\/\/gezicimuhendislik.com\/wp-content\/uploads\/2023\/01\/Adsiz-tasarim-69-1024x1024.png 1024w, https:\/\/gezicimuhendislik.com\/wp-content\/uploads\/2023\/01\/Adsiz-tasarim-69-150x150.png 150w, https:\/\/gezicimuhendislik.com\/wp-content\/uploads\/2023\/01\/Adsiz-tasarim-69.png 1080w\" data-sizes=\"(max-width: 768px) 100vw, 768px\" src=\"data:image\/gif;base64,R0lGODlhAQABAAAAACH5BAEKAAEALAAAAAABAAEAAAICTAEAOw==\" style=\"--smush-placeholder-width: 768px; --smush-placeholder-aspect-ratio: 768\/768;\" \/><noscript><img decoding=\"async\" width=\"768\" height=\"768\" src=\"https:\/\/gezicimuhendislik.com\/wp-content\/uploads\/2023\/01\/Adsiz-tasarim-69-768x768.png\" class=\"attachment-medium_large size-medium_large wp-image-1167\" alt=\"\" srcset=\"https:\/\/gezicimuhendislik.com\/wp-content\/uploads\/2023\/01\/Adsiz-tasarim-69-768x768.png 768w, https:\/\/gezicimuhendislik.com\/wp-content\/uploads\/2023\/01\/Adsiz-tasarim-69-300x300.png 300w, https:\/\/gezicimuhendislik.com\/wp-content\/uploads\/2023\/01\/Adsiz-tasarim-69-1024x1024.png 1024w, https:\/\/gezicimuhendislik.com\/wp-content\/uploads\/2023\/01\/Adsiz-tasarim-69-150x150.png 150w, https:\/\/gezicimuhendislik.com\/wp-content\/uploads\/2023\/01\/Adsiz-tasarim-69.png 1080w\" sizes=\"(max-width: 768px) 100vw, 768px\" \/><\/noscript>\t\t\t\t\t\t\t\t\t\t\t\t\t<\/div>\n\t\t\t\t<\/div>\n\t\t\t\t\t<\/div>\n\t\t<\/div>\n\t\t\t\t<div class=\"elementor-column elementor-col-33 elementor-top-column elementor-element elementor-element-38aba19a\" data-id=\"38aba19a\" data-element_type=\"column\">\n\t\t\t<div class=\"elementor-widget-wrap elementor-element-populated\">\n\t\t\t\t\t\t<div class=\"elementor-element elementor-element-28a7c09d elementor-widget elementor-widget-image\" data-id=\"28a7c09d\" data-element_type=\"widget\" data-widget_type=\"image.default\">\n\t\t\t\t<div class=\"elementor-widget-container\">\n\t\t\t\t\t\t\t\t\t\t\t\t\t<img decoding=\"async\" width=\"300\" height=\"300\" data-src=\"https:\/\/gezicimuhendislik.com\/wp-content\/uploads\/2023\/01\/Adsiz-tasarim-68-300x300.png\" class=\"attachment-medium size-medium wp-image-1168 lazyload\" alt=\"\" data-srcset=\"https:\/\/gezicimuhendislik.com\/wp-content\/uploads\/2023\/01\/Adsiz-tasarim-68-300x300.png 300w, https:\/\/gezicimuhendislik.com\/wp-content\/uploads\/2023\/01\/Adsiz-tasarim-68-1024x1024.png 1024w, https:\/\/gezicimuhendislik.com\/wp-content\/uploads\/2023\/01\/Adsiz-tasarim-68-150x150.png 150w, https:\/\/gezicimuhendislik.com\/wp-content\/uploads\/2023\/01\/Adsiz-tasarim-68-768x768.png 768w, https:\/\/gezicimuhendislik.com\/wp-content\/uploads\/2023\/01\/Adsiz-tasarim-68.png 1080w\" data-sizes=\"(max-width: 300px) 100vw, 300px\" src=\"data:image\/gif;base64,R0lGODlhAQABAAAAACH5BAEKAAEALAAAAAABAAEAAAICTAEAOw==\" style=\"--smush-placeholder-width: 300px; --smush-placeholder-aspect-ratio: 300\/300;\" \/><noscript><img decoding=\"async\" width=\"300\" height=\"300\" src=\"https:\/\/gezicimuhendislik.com\/wp-content\/uploads\/2023\/01\/Adsiz-tasarim-68-300x300.png\" class=\"attachment-medium size-medium wp-image-1168\" alt=\"\" srcset=\"https:\/\/gezicimuhendislik.com\/wp-content\/uploads\/2023\/01\/Adsiz-tasarim-68-300x300.png 300w, https:\/\/gezicimuhendislik.com\/wp-content\/uploads\/2023\/01\/Adsiz-tasarim-68-1024x1024.png 1024w, https:\/\/gezicimuhendislik.com\/wp-content\/uploads\/2023\/01\/Adsiz-tasarim-68-150x150.png 150w, https:\/\/gezicimuhendislik.com\/wp-content\/uploads\/2023\/01\/Adsiz-tasarim-68-768x768.png 768w, https:\/\/gezicimuhendislik.com\/wp-content\/uploads\/2023\/01\/Adsiz-tasarim-68.png 1080w\" sizes=\"(max-width: 300px) 100vw, 300px\" \/><\/noscript>\t\t\t\t\t\t\t\t\t\t\t\t\t<\/div>\n\t\t\t\t<\/div>\n\t\t\t\t\t<\/div>\n\t\t<\/div>\n\t\t\t\t\t<\/div>\n\t\t<\/section>\n\t\t\t\t<\/div>\n\t\t","protected":false},"excerpt":{"rendered":"<p>YERDEN ISITMA S\u0130STEMLER\u0130 Yerden \u0131s\u0131tma\u00a0da t\u0131pk\u0131 di\u011fer ortam \u0131s\u0131tma sistemleri olan radyat\u00f6rler gibi bir \u0131s\u0131 kayna\u011f\u0131ndan gelen s\u0131cak suyu ortam i\u00e7erisinde kullanarak \u0131s\u0131tma yapar. TEKL\u0130F AL<\/p>\n","protected":false},"author":1,"featured_media":0,"parent":13,"menu_order":0,"comment_status":"closed","ping_status":"closed","template":"","meta":{"_eb_attr":"","footnotes":""},"class_list":["post-1155","page","type-page","status-publish","hentry"],"_links":{"self":[{"href":"https:\/\/gezicimuhendislik.com\/index.php\/wp-json\/wp\/v2\/pages\/1155","targetHints":{"allow":["GET"]}}],"collection":[{"href":"https:\/\/gezicimuhendislik.com\/index.php\/wp-json\/wp\/v2\/pages"}],"about":[{"href":"https:\/\/gezicimuhendislik.com\/index.php\/wp-json\/wp\/v2\/types\/page"}],"author":[{"embeddable":true,"href":"https:\/\/gezicimuhendislik.com\/index.php\/wp-json\/wp\/v2\/users\/1"}],"replies":[{"embeddable":true,"href":"https:\/\/gezicimuhendislik.com\/index.php\/wp-json\/wp\/v2\/comments?post=1155"}],"version-history":[{"count":10,"href":"https:\/\/gezicimuhendislik.com\/index.php\/wp-json\/wp\/v2\/pages\/1155\/revisions"}],"predecessor-version":[{"id":1595,"href":"https:\/\/gezicimuhendislik.com\/index.php\/wp-json\/wp\/v2\/pages\/1155\/revisions\/1595"}],"up":[{"embeddable":true,"href":"https:\/\/gezicimuhendislik.com\/index.php\/wp-json\/wp\/v2\/pages\/13"}],"wp:attachment":[{"href":"https:\/\/gezicimuhendislik.com\/index.php\/wp-json\/wp\/v2\/media?parent=1155"}],"curies":[{"name":"wp","href":"https:\/\/api.w.org\/{rel}","templated":true}]}}