{"id":11,"date":"2022-12-30T11:57:41","date_gmt":"2022-12-30T08:57:41","guid":{"rendered":"https:\/\/gezicimuhendislik.com\/?page_id=11"},"modified":"2023-01-05T15:23:50","modified_gmt":"2023-01-05T12:23:50","slug":"kurumsal","status":"publish","type":"page","link":"https:\/\/gezicimuhendislik.com\/index.php\/kurumsal\/","title":{"rendered":"KURUMSAL"},"content":{"rendered":"\t\t<div data-elementor-type=\"wp-page\" data-elementor-id=\"11\" class=\"elementor elementor-11\">\n\t\t\t\t\t\t<section class=\"elementor-section elementor-top-section elementor-element elementor-element-0564b58 elementor-section-boxed elementor-section-height-default elementor-section-height-default\" data-id=\"0564b58\" data-element_type=\"section\" data-settings=\"{&quot;background_background&quot;:&quot;classic&quot;}\">\n\t\t\t\t\t\t<div class=\"elementor-container elementor-column-gap-default\">\n\t\t\t\t\t<div class=\"elementor-column elementor-col-50 elementor-top-column elementor-element elementor-element-966671a\" data-id=\"966671a\" data-element_type=\"column\">\n\t\t\t<div class=\"elementor-widget-wrap elementor-element-populated\">\n\t\t\t\t\t\t<div class=\"elementor-element elementor-element-c11381b elementor-widget__width-initial elementor-invisible elementor-widget elementor-widget-image\" data-id=\"c11381b\" data-element_type=\"widget\" data-settings=\"{&quot;_animation&quot;:&quot;fadeInLeft&quot;}\" data-widget_type=\"image.default\">\n\t\t\t\t<div class=\"elementor-widget-container\">\n\t\t\t<style>\/*! elementor - v3.23.0 - 15-07-2024 *\/\n.elementor-widget-image{text-align:center}.elementor-widget-image a{display:inline-block}.elementor-widget-image a img[src$=\".svg\"]{width:48px}.elementor-widget-image img{vertical-align:middle;display:inline-block}<\/style>\t\t\t\t\t\t\t\t\t\t<img fetchpriority=\"high\" decoding=\"async\" width=\"500\" height=\"500\" src=\"https:\/\/gezicimuhendislik.com\/wp-content\/uploads\/2022\/12\/GEZICI-7.png\" class=\"attachment-full size-full wp-image-754\" alt=\"\" srcset=\"https:\/\/gezicimuhendislik.com\/wp-content\/uploads\/2022\/12\/GEZICI-7.png 500w, https:\/\/gezicimuhendislik.com\/wp-content\/uploads\/2022\/12\/GEZICI-7-300x300.png 300w, https:\/\/gezicimuhendislik.com\/wp-content\/uploads\/2022\/12\/GEZICI-7-150x150.png 150w\" sizes=\"(max-width: 500px) 100vw, 500px\" \/>\t\t\t\t\t\t\t\t\t\t\t\t\t<\/div>\n\t\t\t\t<\/div>\n\t\t\t\t\t<\/div>\n\t\t<\/div>\n\t\t\t\t<div class=\"elementor-column elementor-col-50 elementor-top-column elementor-element elementor-element-efabebf\" data-id=\"efabebf\" data-element_type=\"column\">\n\t\t\t<div class=\"elementor-widget-wrap elementor-element-populated\">\n\t\t\t\t\t\t<div class=\"elementor-element elementor-element-ddb80af elementor-invisible elementor-widget elementor-widget-heading\" data-id=\"ddb80af\" data-element_type=\"widget\" data-settings=\"{&quot;_animation&quot;:&quot;fadeInRight&quot;}\" data-widget_type=\"heading.default\">\n\t\t\t\t<div class=\"elementor-widget-container\">\n\t\t\t<style>\/*! elementor - v3.23.0 - 15-07-2024 *\/\n.elementor-heading-title{padding:0;margin:0;line-height:1}.elementor-widget-heading .elementor-heading-title[class*=elementor-size-]>a{color:inherit;font-size:inherit;line-height:inherit}.elementor-widget-heading .elementor-heading-title.elementor-size-small{font-size:15px}.elementor-widget-heading .elementor-heading-title.elementor-size-medium{font-size:19px}.elementor-widget-heading .elementor-heading-title.elementor-size-large{font-size:29px}.elementor-widget-heading .elementor-heading-title.elementor-size-xl{font-size:39px}.elementor-widget-heading .elementor-heading-title.elementor-size-xxl{font-size:59px}<\/style><h2 class=\"elementor-heading-title elementor-size-default\">Hakk\u0131m\u0131zda<\/h2>\t\t<\/div>\n\t\t\t\t<\/div>\n\t\t\t\t<div class=\"elementor-element elementor-element-1f7336a elementor-invisible elementor-widget elementor-widget-text-editor\" data-id=\"1f7336a\" data-element_type=\"widget\" data-settings=\"{&quot;_animation&quot;:&quot;fadeInRight&quot;}\" data-widget_type=\"text-editor.default\">\n\t\t\t\t<div class=\"elementor-widget-container\">\n\t\t\t<style>\/*! elementor - v3.23.0 - 15-07-2024 *\/\n.elementor-widget-text-editor.elementor-drop-cap-view-stacked .elementor-drop-cap{background-color:#69727d;color:#fff}.elementor-widget-text-editor.elementor-drop-cap-view-framed .elementor-drop-cap{color:#69727d;border:3px solid;background-color:transparent}.elementor-widget-text-editor:not(.elementor-drop-cap-view-default) .elementor-drop-cap{margin-top:8px}.elementor-widget-text-editor:not(.elementor-drop-cap-view-default) .elementor-drop-cap-letter{width:1em;height:1em}.elementor-widget-text-editor .elementor-drop-cap{float:left;text-align:center;line-height:1;font-size:50px}.elementor-widget-text-editor .elementor-drop-cap-letter{display:inline-block}<\/style>\t\t\t\t<p id=\"u1358-4\" style=\"text-align: center;\">Do\u011falgazla \u0131s\u0131tma alan\u0131nda\u00a0<strong><span id=\"u1358-8\">GEZ\u0130C\u0130 M\u00dcHEND\u0130SL\u0130K<\/span><\/strong><span id=\"u1358-2\">\u00a0Do\u011falgaz\u00a0<\/span>olarak proje odakl\u0131 y\u00f6netim, projeye \u00f6zel teknik yakla\u015f\u0131m ve uzman ekibimizle size m\u00fcmk\u00fcn olan en iyi hizmetini sunmaktay\u0131z.<\/p><p id=\"u1358-10\"><strong><span id=\"u1358-8\">GEZ\u0130C\u0130 M\u00dcHEND\u0130SL\u0130K<\/span><\/strong>\u00a0kuruldu\u011fu g\u00fcnden bug\u00fcne bir \u00e7ok konut projelerinden, daire tipi, ev, lojman, konutlar, sanayi kurulu\u015flar\u0131, siteler, al\u0131\u015fveri\u015f merkezleri do\u011falgaz d\u00f6n\u00fc\u015f\u00fcmlerinde imzas\u0131 bulunmakta ve \u00e7al\u0131\u015fmalardan % 100 m\u00fc\u015fteri memnuniyeti ile ayr\u0131lmaktad\u0131r.<\/p><p id=\"u1358-16\">Do\u011falgaz sekt\u00f6r\u00fcnde en \u00e7ok tercih edilen firmalar aras\u0131nda yerini alm\u0131\u015f bulunmaktad\u0131r.<\/p>\t\t\t\t\t\t<\/div>\n\t\t\t\t<\/div>\n\t\t\t\t\t<\/div>\n\t\t<\/div>\n\t\t\t\t\t<\/div>\n\t\t<\/section>\n\t\t\t\t<section class=\"elementor-section elementor-top-section elementor-element elementor-element-aa8f9d2 elementor-section-boxed elementor-section-height-default elementor-section-height-default\" data-id=\"aa8f9d2\" data-element_type=\"section\">\n\t\t\t\t\t\t<div class=\"elementor-container elementor-column-gap-default\">\n\t\t\t\t\t<div class=\"elementor-column elementor-col-100 elementor-top-column elementor-element elementor-element-ed8461b\" data-id=\"ed8461b\" data-element_type=\"column\">\n\t\t\t<div class=\"elementor-widget-wrap elementor-element-populated\">\n\t\t\t\t\t\t<div class=\"elementor-element elementor-element-37b9780 elementor-widget elementor-widget-eael-image-accordion\" data-id=\"37b9780\" data-element_type=\"widget\" data-widget_type=\"eael-image-accordion.default\">\n\t\t\t\t<div class=\"elementor-widget-container\">\n\t\t\t    <div class=\"eael-img-accordion accordion-direction-horizontal eael-img-accordion-horizontal-align-center eael-img-accordion-vertical-align-center\" id=\"eael-img-accordion-37b9780\" data-img-accordion-id=\"37b9780\" data-img-accordion-type=\"on-hover\">\n                    \n            <div class=\"eael-image-accordion-hover eael-image-accordion-item lazyload\" style=\"background-image:inherit;\"  tabindex=\"0\" data-bg-image=\"url(https:\/\/gezicimuhendislik.com\/wp-content\/uploads\/2022\/12\/WhatsApp-Image-2022-12-30-at-12.22.38-1.jpeg)\">\n                <div class=\"overlay\">\n                    <div class=\"overlay-inner \">\n                                            <\/div>\n                <\/div>\n            <\/div>\n                    \n            <div class=\"eael-image-accordion-hover eael-image-accordion-item lazyload\" style=\"background-image:inherit;\"  tabindex=\"0\" data-bg-image=\"url(https:\/\/gezicimuhendislik.com\/wp-content\/uploads\/2022\/12\/GEZICI-7.png)\">\n                <div class=\"overlay\">\n                    <div class=\"overlay-inner \">\n                                            <\/div>\n                <\/div>\n            <\/div>\n                    \n            <div class=\"eael-image-accordion-hover eael-image-accordion-item lazyload\" style=\"background-image:inherit;\"  tabindex=\"0\" data-bg-image=\"url(https:\/\/gezicimuhendislik.com\/wp-content\/uploads\/2022\/12\/WhatsApp-Image-2022-12-30-at-12.23.21-1.jpeg)\">\n                <div class=\"overlay\">\n                    <div class=\"overlay-inner \">\n                                            <\/div>\n                <\/div>\n            <\/div>\n                <\/div>\n        <style typr=\"text\/css\">\n                    #eael-img-accordion-37b9780 .eael-image-accordion-hover:hover {\n                        flex: 3 1 0% !important;\n                    }\n                    #eael-img-accordion-37b9780 .eael-image-accordion-hover:hover:hover .overlay-inner * {\n                        opacity: 1;\n                        visibility: visible;\n                        transform: none;\n                        transition: all .3s .3s;\n                    }\n                <\/style>\t\t<\/div>\n\t\t\t\t<\/div>\n\t\t\t\t\t<\/div>\n\t\t<\/div>\n\t\t\t\t\t<\/div>\n\t\t<\/section>\n\t\t\t\t<section class=\"elementor-section elementor-top-section elementor-element elementor-element-2c4c7d3 elementor-section-boxed elementor-section-height-default elementor-section-height-default\" data-id=\"2c4c7d3\" data-element_type=\"section\" data-settings=\"{&quot;background_background&quot;:&quot;classic&quot;}\">\n\t\t\t\t\t\t<div class=\"elementor-container elementor-column-gap-default\">\n\t\t\t\t\t<div class=\"elementor-column elementor-col-100 elementor-top-column elementor-element elementor-element-f9ee96b\" data-id=\"f9ee96b\" data-element_type=\"column\">\n\t\t\t<div class=\"elementor-widget-wrap elementor-element-populated\">\n\t\t\t\t\t\t<div class=\"elementor-element elementor-element-d84fe77 elementor-widget elementor-widget-spacer\" data-id=\"d84fe77\" data-element_type=\"widget\" data-widget_type=\"spacer.default\">\n\t\t\t\t<div class=\"elementor-widget-container\">\n\t\t\t<style>\/*! elementor - v3.23.0 - 15-07-2024 *\/\n.elementor-column .elementor-spacer-inner{height:var(--spacer-size)}.e-con{--container-widget-width:100%}.e-con-inner>.elementor-widget-spacer,.e-con>.elementor-widget-spacer{width:var(--container-widget-width,var(--spacer-size));--align-self:var(--container-widget-align-self,initial);--flex-shrink:0}.e-con-inner>.elementor-widget-spacer>.elementor-widget-container,.e-con>.elementor-widget-spacer>.elementor-widget-container{height:100%;width:100%}.e-con-inner>.elementor-widget-spacer>.elementor-widget-container>.elementor-spacer,.e-con>.elementor-widget-spacer>.elementor-widget-container>.elementor-spacer{height:100%}.e-con-inner>.elementor-widget-spacer>.elementor-widget-container>.elementor-spacer>.elementor-spacer-inner,.e-con>.elementor-widget-spacer>.elementor-widget-container>.elementor-spacer>.elementor-spacer-inner{height:var(--container-widget-height,var(--spacer-size))}.e-con-inner>.elementor-widget-spacer.elementor-widget-empty,.e-con>.elementor-widget-spacer.elementor-widget-empty{position:relative;min-height:22px;min-width:22px}.e-con-inner>.elementor-widget-spacer.elementor-widget-empty .elementor-widget-empty-icon,.e-con>.elementor-widget-spacer.elementor-widget-empty .elementor-widget-empty-icon{position:absolute;top:0;bottom:0;left:0;right:0;margin:auto;padding:0;width:22px;height:22px}<\/style>\t\t<div class=\"elementor-spacer\">\n\t\t\t<div class=\"elementor-spacer-inner\"><\/div>\n\t\t<\/div>\n\t\t\t\t<\/div>\n\t\t\t\t<\/div>\n\t\t\t\t<div class=\"elementor-element elementor-element-0ed20bf elementor-widget elementor-widget-spacer\" data-id=\"0ed20bf\" data-element_type=\"widget\" data-widget_type=\"spacer.default\">\n\t\t\t\t<div class=\"elementor-widget-container\">\n\t\t\t\t\t<div class=\"elementor-spacer\">\n\t\t\t<div class=\"elementor-spacer-inner\"><\/div>\n\t\t<\/div>\n\t\t\t\t<\/div>\n\t\t\t\t<\/div>\n\t\t\t\t<div class=\"elementor-element elementor-element-bf583c0 elementor-view-default elementor-invisible elementor-widget elementor-widget-icon\" data-id=\"bf583c0\" data-element_type=\"widget\" data-settings=\"{&quot;motion_fx_motion_fx_mouse&quot;:&quot;yes&quot;,&quot;motion_fx_tilt_effect&quot;:&quot;yes&quot;,&quot;motion_fx_tilt_speed&quot;:{&quot;unit&quot;:&quot;px&quot;,&quot;size&quot;:10,&quot;sizes&quot;:[]},&quot;_animation&quot;:&quot;fadeIn&quot;}\" data-widget_type=\"icon.default\">\n\t\t\t\t<div class=\"elementor-widget-container\">\n\t\t\t\t\t<div class=\"elementor-icon-wrapper\">\n\t\t\t<div class=\"elementor-icon\">\n\t\t\t<i aria-hidden=\"true\" class=\"fas fa-compass\"><\/i>\t\t\t<\/div>\n\t\t<\/div>\n\t\t\t\t<\/div>\n\t\t\t\t<\/div>\n\t\t\t\t<div class=\"elementor-element elementor-element-7173c17 elementor-widget elementor-widget-heading\" data-id=\"7173c17\" data-element_type=\"widget\" data-widget_type=\"heading.default\">\n\t\t\t\t<div class=\"elementor-widget-container\">\n\t\t\t<h2 class=\"elementor-heading-title elementor-size-default\">V\u0130ZYONUMUZ<\/h2>\t\t<\/div>\n\t\t\t\t<\/div>\n\t\t\t\t<div class=\"elementor-element elementor-element-377d787 elementor-widget elementor-widget-spacer\" data-id=\"377d787\" data-element_type=\"widget\" data-widget_type=\"spacer.default\">\n\t\t\t\t<div class=\"elementor-widget-container\">\n\t\t\t\t\t<div class=\"elementor-spacer\">\n\t\t\t<div class=\"elementor-spacer-inner\"><\/div>\n\t\t<\/div>\n\t\t\t\t<\/div>\n\t\t\t\t<\/div>\n\t\t\t\t<div class=\"elementor-element elementor-element-80a48c1 elementor-widget elementor-widget-text-editor\" data-id=\"80a48c1\" data-element_type=\"widget\" data-widget_type=\"text-editor.default\">\n\t\t\t\t<div class=\"elementor-widget-container\">\n\t\t\t\t\t\t\t<h3>Her Daim \u00d6zverili<\/h3><p>Siz say\u0131n m\u00fc\u015fterilerimizin do\u011falgaz tesisat d\u00f6\u015feme i\u015finde en do\u011fru adreste oldu\u011funuzu belirtmek isteriz.<br \/>Kurulu\u015fumuzdan bu zamana kadar m\u00fc\u015fteri memnuniyetini \u00f6n plada tutup ilk g\u00fcnk\u00fc \u00f6z veriyle en iyi hizmeti sunmaktay\u0131z. \u0130\u015fimiz sizi anlamak ve en iyi hizmeti sunmaktad\u0131r.<\/p>\t\t\t\t\t\t<\/div>\n\t\t\t\t<\/div>\n\t\t\t\t\t<\/div>\n\t\t<\/div>\n\t\t\t\t\t<\/div>\n\t\t<\/section>\n\t\t\t\t<section class=\"elementor-section elementor-top-section elementor-element elementor-element-38c2c66 elementor-section-boxed elementor-section-height-default elementor-section-height-default\" data-id=\"38c2c66\" data-element_type=\"section\">\n\t\t\t\t\t\t<div class=\"elementor-container elementor-column-gap-default\">\n\t\t\t\t\t<div class=\"elementor-column elementor-col-100 elementor-top-column elementor-element elementor-element-84cbdc1\" data-id=\"84cbdc1\" data-element_type=\"column\">\n\t\t\t<div class=\"elementor-widget-wrap elementor-element-populated\">\n\t\t\t\t\t\t<div class=\"elementor-element elementor-element-d23e9ed elementor-widget elementor-widget-spacer\" data-id=\"d23e9ed\" data-element_type=\"widget\" data-widget_type=\"spacer.default\">\n\t\t\t\t<div class=\"elementor-widget-container\">\n\t\t\t\t\t<div class=\"elementor-spacer\">\n\t\t\t<div class=\"elementor-spacer-inner\"><\/div>\n\t\t<\/div>\n\t\t\t\t<\/div>\n\t\t\t\t<\/div>\n\t\t\t\t\t<\/div>\n\t\t<\/div>\n\t\t\t\t\t<\/div>\n\t\t<\/section>\n\t\t\t\t<section class=\"elementor-section elementor-top-section elementor-element elementor-element-efc49c8 elementor-section-boxed elementor-section-height-default elementor-section-height-default\" data-id=\"efc49c8\" data-element_type=\"section\" data-settings=\"{&quot;background_background&quot;:&quot;classic&quot;}\">\n\t\t\t\t\t\t<div class=\"elementor-container elementor-column-gap-default\">\n\t\t\t\t\t<div class=\"elementor-column elementor-col-100 elementor-top-column elementor-element elementor-element-3056afd\" data-id=\"3056afd\" data-element_type=\"column\">\n\t\t\t<div class=\"elementor-widget-wrap elementor-element-populated\">\n\t\t\t\t\t\t<div class=\"elementor-element elementor-element-3783f3d elementor-widget elementor-widget-spacer\" data-id=\"3783f3d\" data-element_type=\"widget\" data-widget_type=\"spacer.default\">\n\t\t\t\t<div class=\"elementor-widget-container\">\n\t\t\t\t\t<div class=\"elementor-spacer\">\n\t\t\t<div class=\"elementor-spacer-inner\"><\/div>\n\t\t<\/div>\n\t\t\t\t<\/div>\n\t\t\t\t<\/div>\n\t\t\t\t<div class=\"elementor-element elementor-element-a07a5bd elementor-view-default elementor-invisible elementor-widget elementor-widget-icon\" data-id=\"a07a5bd\" data-element_type=\"widget\" data-settings=\"{&quot;motion_fx_motion_fx_mouse&quot;:&quot;yes&quot;,&quot;motion_fx_tilt_effect&quot;:&quot;yes&quot;,&quot;motion_fx_tilt_speed&quot;:{&quot;unit&quot;:&quot;px&quot;,&quot;size&quot;:10,&quot;sizes&quot;:[]},&quot;_animation&quot;:&quot;fadeIn&quot;}\" data-widget_type=\"icon.default\">\n\t\t\t\t<div class=\"elementor-widget-container\">\n\t\t\t\t\t<div class=\"elementor-icon-wrapper\">\n\t\t\t<div class=\"elementor-icon\">\n\t\t\t<i aria-hidden=\"true\" class=\"fas fa-compass\"><\/i>\t\t\t<\/div>\n\t\t<\/div>\n\t\t\t\t<\/div>\n\t\t\t\t<\/div>\n\t\t\t\t<div class=\"elementor-element elementor-element-0e11261 elementor-widget elementor-widget-heading\" data-id=\"0e11261\" data-element_type=\"widget\" data-widget_type=\"heading.default\">\n\t\t\t\t<div class=\"elementor-widget-container\">\n\t\t\t<h2 class=\"elementor-heading-title elementor-size-default\">M\u0130SYONUMUZ<\/h2>\t\t<\/div>\n\t\t\t\t<\/div>\n\t\t\t\t<div class=\"elementor-element elementor-element-a909392 elementor-widget elementor-widget-spacer\" data-id=\"a909392\" data-element_type=\"widget\" data-widget_type=\"spacer.default\">\n\t\t\t\t<div class=\"elementor-widget-container\">\n\t\t\t\t\t<div class=\"elementor-spacer\">\n\t\t\t<div class=\"elementor-spacer-inner\"><\/div>\n\t\t<\/div>\n\t\t\t\t<\/div>\n\t\t\t\t<\/div>\n\t\t\t\t<div class=\"elementor-element elementor-element-0999c75 elementor-widget elementor-widget-text-editor\" data-id=\"0999c75\" data-element_type=\"widget\" data-widget_type=\"text-editor.default\">\n\t\t\t\t<div class=\"elementor-widget-container\">\n\t\t\t\t\t\t\t<h3 style=\"text-align: center;\">Her Daim Yenilik\u00e7i<\/h3><p>Gen\u00e7 ve dinamik kadrosuyla, T\u00fcrkiye\u2019nin y\u00fckselen hedeflerine katk\u0131da bulunmak, hizmet verdi\u011fi \u0130klimlendirme sekt\u00f6r\u00fcndeki uygulama alan\u0131nda inovasyon oda\u011f\u0131nda \u00e7\u00f6z\u00fcmler \u00fcretmektir. Bu misyonla m\u00fc\u015fterilerinin ihtiya\u00e7lar\u0131n\u0131 ve beklentilerini teknolojik alt yap\u0131 ile en do\u011fru y\u00f6ntemle kar\u015f\u0131lamakt\u0131r.<\/p>\t\t\t\t\t\t<\/div>\n\t\t\t\t<\/div>\n\t\t\t\t\t<\/div>\n\t\t<\/div>\n\t\t\t\t\t<\/div>\n\t\t<\/section>\n\t\t\t\t<section class=\"elementor-section elementor-top-section elementor-element elementor-element-dbd91d2 elementor-section-boxed elementor-section-height-default elementor-section-height-default\" data-id=\"dbd91d2\" data-element_type=\"section\">\n\t\t\t\t\t\t<div class=\"elementor-container elementor-column-gap-default\">\n\t\t\t\t\t<div class=\"elementor-column elementor-col-100 elementor-top-column elementor-element elementor-element-8fa46ae\" data-id=\"8fa46ae\" data-element_type=\"column\">\n\t\t\t<div class=\"elementor-widget-wrap elementor-element-populated\">\n\t\t\t\t\t\t<div class=\"elementor-element elementor-element-7e65e3f elementor-widget elementor-widget-spacer\" data-id=\"7e65e3f\" data-element_type=\"widget\" data-widget_type=\"spacer.default\">\n\t\t\t\t<div class=\"elementor-widget-container\">\n\t\t\t\t\t<div class=\"elementor-spacer\">\n\t\t\t<div class=\"elementor-spacer-inner\"><\/div>\n\t\t<\/div>\n\t\t\t\t<\/div>\n\t\t\t\t<\/div>\n\t\t\t\t\t<\/div>\n\t\t<\/div>\n\t\t\t\t\t<\/div>\n\t\t<\/section>\n\t\t\t\t<\/div>\n\t\t","protected":false},"excerpt":{"rendered":"<p>Hakk\u0131m\u0131zda Do\u011falgazla \u0131s\u0131tma alan\u0131nda\u00a0GEZ\u0130C\u0130 M\u00dcHEND\u0130SL\u0130K\u00a0Do\u011falgaz\u00a0olarak proje odakl\u0131 y\u00f6netim, projeye \u00f6zel teknik yakla\u015f\u0131m ve uzman ekibimizle size m\u00fcmk\u00fcn olan en iyi hizmetini sunmaktay\u0131z. GEZ\u0130C\u0130 M\u00dcHEND\u0130SL\u0130K\u00a0kuruldu\u011fu g\u00fcnden bug\u00fcne bir \u00e7ok konut projelerinden, daire tipi, ev, lojman, konutlar, sanayi kurulu\u015flar\u0131, siteler, al\u0131\u015fveri\u015f merkezleri do\u011falgaz d\u00f6n\u00fc\u015f\u00fcmlerinde imzas\u0131 bulunmakta ve \u00e7al\u0131\u015fmalardan % 100 m\u00fc\u015fteri memnuniyeti ile ayr\u0131lmaktad\u0131r. Do\u011falgaz sekt\u00f6r\u00fcnde en [&hellip;]<\/p>\n","protected":false},"author":1,"featured_media":0,"parent":0,"menu_order":0,"comment_status":"closed","ping_status":"closed","template":"elementor_theme","meta":{"_eb_attr":"","footnotes":""},"class_list":["post-11","page","type-page","status-publish","hentry"],"_links":{"self":[{"href":"https:\/\/gezicimuhendislik.com\/index.php\/wp-json\/wp\/v2\/pages\/11","targetHints":{"allow":["GET"]}}],"collection":[{"href":"https:\/\/gezicimuhendislik.com\/index.php\/wp-json\/wp\/v2\/pages"}],"about":[{"href":"https:\/\/gezicimuhendislik.com\/index.php\/wp-json\/wp\/v2\/types\/page"}],"author":[{"embeddable":true,"href":"https:\/\/gezicimuhendislik.com\/index.php\/wp-json\/wp\/v2\/users\/1"}],"replies":[{"embeddable":true,"href":"https:\/\/gezicimuhendislik.com\/index.php\/wp-json\/wp\/v2\/comments?post=11"}],"version-history":[{"count":59,"href":"https:\/\/gezicimuhendislik.com\/index.php\/wp-json\/wp\/v2\/pages\/11\/revisions"}],"predecessor-version":[{"id":1423,"href":"https:\/\/gezicimuhendislik.com\/index.php\/wp-json\/wp\/v2\/pages\/11\/revisions\/1423"}],"wp:attachment":[{"href":"https:\/\/gezicimuhendislik.com\/index.php\/wp-json\/wp\/v2\/media?parent=11"}],"curies":[{"name":"wp","href":"https:\/\/api.w.org\/{rel}","templated":true}]}}